{"id":1279,"date":"2023-06-02T12:33:52","date_gmt":"2023-06-02T10:33:52","guid":{"rendered":"https:\/\/agitproject.info\/?page_id=1279"},"modified":"2024-03-18T11:36:04","modified_gmt":"2024-03-18T10:36:04","slug":"film-competition-5","status":"publish","type":"page","link":"https:\/\/agitproject.info\/index.php\/pl\/agit-polski\/film-competition-5\/","title":{"rendered":"Film competition \u2013 Polski"},"content":{"rendered":"\n<div class=\"wp-block-stackable-columns alignwide stk-block-columns stk-block stk-0224acf\" data-block-id=\"0224acf\"><style>.stk-0224acf{min-height:80vh !important;margin-bottom:25px !important}.stk-0224acf-column{--stk-columns-spacing:0px !important;--stk-column-gap:0px !important;row-gap:0px !important}<\/style><div class=\"stk-row stk-inner-blocks stk-block-content stk-content-align stk-0224acf-column alignwide\">\n<div class=\"wp-block-stackable-column stk-block-column stk-column stk-block stk-8ff48fe\" data-v=\"4\" data-block-id=\"8ff48fe\"><div class=\"stk-column-wrapper stk-block-column__content stk-container stk-8ff48fe-container stk--no-background stk--no-padding\"><div class=\"stk-block-content stk-inner-blocks stk-8ff48fe-inner-blocks\">\n<div class=\"wp-block-stackable-heading aligncenter stk-block-heading stk-block-heading--v2 stk-block stk-5850637\" id=\"konkurs-filmowy\" data-block-id=\"5850637\"><style>.stk-5850637{margin-bottom:0px !important}.stk-5850637 .stk-block-heading__text{font-size:88px !important;color:var(--theme-palette-color-1,#00D085) !important;font-weight:bold !important;font-family:\"Lato\",Sans-serif !important}@media screen and (max-width:999px){.stk-5850637 .stk-block-heading__text{font-size:50px !important}}<\/style><h2 class=\"stk-block-heading__text has-text-color\">           KONKURS FILMOWY<\/h2><\/div>\n\n\n\n<div class=\"wp-block-columns is-layout-flex wp-container-core-columns-is-layout-28f84493 wp-block-columns-is-layout-flex\">\n<div class=\"wp-block-column is-layout-flow wp-block-column-is-layout-flow\" style=\"flex-basis:100%\">\n<figure class=\"wp-block-image aligncenter size-large is-resized\"><img loading=\"lazy\" decoding=\"async\" width=\"1024\" height=\"532\" src=\"https:\/\/agitproject.info\/wp-content\/uploads\/2023\/12\/1-2-1024x532.png\" alt=\"\" class=\"wp-image-1770\" style=\"width:1450px;height:auto\" srcset=\"https:\/\/agitproject.info\/wp-content\/uploads\/2023\/12\/1-2-1024x532.png 1024w, https:\/\/agitproject.info\/wp-content\/uploads\/2023\/12\/1-2-300x156.png 300w, https:\/\/agitproject.info\/wp-content\/uploads\/2023\/12\/1-2-768x399.png 768w, https:\/\/agitproject.info\/wp-content\/uploads\/2023\/12\/1-2-1536x798.png 1536w, https:\/\/agitproject.info\/wp-content\/uploads\/2023\/12\/1-2-2048x1064.png 2048w\" sizes=\"auto, (max-width: 1024px) 100vw, 1024px\" \/><\/figure>\n<\/div>\n<\/div>\n\n\n\n<div class=\"wp-block-stackable-icon-label stk-block-icon-label stk-block stk-74f0a4c\" data-block-id=\"74f0a4c\"><div class=\"stk-row stk-inner-blocks stk-block-content\">\n<div class=\"wp-block-stackable-icon stk-block-icon has-text-align-left stk-block stk-3789d51\" data-block-id=\"3789d51\"><\/div>\n\n\n\n<div class=\"wp-block-stackable-heading stk-block-heading stk-block-heading--v2 stk-block stk-cf1dbad\" id=\"konkurs-filmowy-amp-wyklady-o-klimacie-i-filmi\" data-block-id=\"cf1dbad\"><style>.stk-cf1dbad{margin-bottom:0px !important}.stk-cf1dbad .stk-block-heading__text{font-size:88px !important;color:var(--theme-palette-color-1,#00D085) !important;font-weight:bold !important;font-family:\"Lato\",Sans-serif !important}@media screen and (max-width:999px){.stk-cf1dbad .stk-block-heading__text{font-size:50px !important}}<\/style><h2 class=\"stk-block-heading__text has-text-color\"><\/h2><\/div>\n<\/div><\/div>\n\n\n\n<div class=\"wp-block-stackable-columns stk-block-columns stk-block stk-5b41c5e\" data-block-id=\"5b41c5e\"><div class=\"stk-row stk-inner-blocks stk-block-content stk-content-align stk-5b41c5e-column\">\n<div class=\"wp-block-stackable-column stk-block-column stk-column stk-block stk-d456686\" data-v=\"4\" data-block-id=\"d456686\"><div class=\"stk-column-wrapper stk-block-column__content stk-container stk-d456686-container stk--no-background stk--no-padding\"><div class=\"stk-block-content stk-inner-blocks stk-d456686-inner-blocks\">\n<div class=\"wp-block-stackable-heading stk-block-heading stk-block-heading--v2 stk-block stk-c611397\" data-block-id=\"c611397\"><h2 class=\"stk-block-heading__text has-text-align-center\"><\/h2><\/div>\n<\/div><\/div><\/div>\n<\/div><\/div>\n<\/div><\/div><\/div>\n<\/div><\/div>\n\n\n\n<p> To jest koniec. Dobieg\u0142 ko\u0144ca<strong> <\/strong>konkurs filmowy dla m\u0142odzie\u017cy <\/p>\n\n\n\n<p><strong>Artystyczne emocje dobieg\u0142y ko\u0144ca. Swoje prace na&nbsp;konkurs filmowy \u201eNasz klimat\u201d przes\u0142a\u0142o ponad 20 zespo\u0142\u00f3w. Wyzwanie, kt\u00f3re by\u0142o zaadresowane do&nbsp;m\u0142odzie\u017cy licealnej w&nbsp;wieku 15-19 lat, trwa\u0142o od&nbsp;listopada 2023 r. M\u0142odzie\u017c mia\u0142a nagra\u0107 kr\u00f3tkie filmiki (od&nbsp;30 sekund do&nbsp;5 min.)&nbsp; dotycz\u0105ce ekologii m.in.&nbsp;katastrofy klimatycznej, globalnego ocieplenia, zjawisk pogodowych etc. Wi\u0119kszo\u015b\u0107 uczestnik\u00f3w zabawy wywi\u0105za\u0142o si\u0119 ze&nbsp;swoich zada\u0144 celuj\u0105co.&nbsp;<\/strong><\/p>\n\n\n\n<p><strong>WYNIKI KONKURSU:<\/strong><\/p>\n\n\n\n<p><strong>Miejsce 1<\/strong>&nbsp;\u2013 film autorstwa Emilii Oryszczak i&nbsp;Anny Kowalskiej pt.&nbsp;\u201ePrzyrodnicze sumienie cz\u0142owieka\u201d \u2013 laureatki otrzymaj\u0105 nagrod\u0119 g\u0142\u00f3wn\u0105 \u2013 profesjonalny kurs realizacji i&nbsp;produkcji filmowej<\/p>\n\n\n\n<p><strong>Miejsce 2<\/strong>&nbsp;\u2013 wyr\u00f3\u017cnienie od&nbsp;NGO&nbsp; \u2013 otrzyma\u0142 film autorstwa&nbsp;Marii&nbsp;Szudzi\u0144skiej,&nbsp;<strong>&nbsp;<\/strong>Julii B\u0142ieja\u017ckiewicz &nbsp;i &nbsp;Marcela Dury\u0142o pt.&nbsp;\u201eLe\u015bni przyjaciele\u201d \u2013 autorzy otrzymaj\u0105 dyski przeno\u015bne o&nbsp;pojemno\u015bci 1TB<\/p>\n\n\n\n<p>Zdecydowali\u015bmy si\u0119 r\u00f3wnie\u017c przyzna\u0107&nbsp;<strong>3 nagrod\u0119<\/strong>&nbsp;w kategorii najlepszy film typu \u201eshort\u201d i&nbsp;tu&nbsp;zwyci\u0119\u017cy\u0142 film pt.&nbsp;\u201eJak dbamy o&nbsp;planet\u0119\u201d autorstwa &nbsp;Leny Makowskiej i&nbsp;Oliwii G\u00f3rny. Autorki otrzymaj\u0105 profesjonalny zestaw do&nbsp;fotografii i&nbsp;vlogowania.<\/p>\n\n\n\n<p><strong>Wszystkie filmy mo\u017cna zobaczy\u0107 >>> <a href=\"https:\/\/agitproject.info\/index.php\/2024\/02\/13\/przyrodnicze-sumienie-czlowieka-zwyciezca-konkursu-nasz-klimat\/\" data-type=\"link\" data-id=\"https:\/\/agitproject.info\/index.php\/2024\/02\/13\/przyrodnicze-sumienie-czlowieka-zwyciezca-konkursu-nasz-klimat\/\">TUTAJ<\/a><\/strong><\/p>\n\n\n\n<p><\/p>\n\n\n\n<div class=\"wp-block-stackable-heading stk-block-heading stk-block-heading--v2 stk-block stk-39421a4\" id=\"strong-nagrody-strong\" data-block-id=\"39421a4\"><h2 class=\"stk-block-heading__text\"><strong>NAGRODY<\/strong>:<\/h2><\/div>\n\n\n\n<p>1)&nbsp;&nbsp;&nbsp;&nbsp;&nbsp;&nbsp;<img loading=\"lazy\" decoding=\"async\" width=\"150\" height=\"150\" class=\"wp-image-1778\" style=\"width: 150px;\" src=\"https:\/\/agitproject.info\/wp-content\/uploads\/2023\/12\/nagrody.png\" alt=\"\" srcset=\"https:\/\/agitproject.info\/wp-content\/uploads\/2023\/12\/nagrody.png 1250w, https:\/\/agitproject.info\/wp-content\/uploads\/2023\/12\/nagrody-300x300.png 300w, https:\/\/agitproject.info\/wp-content\/uploads\/2023\/12\/nagrody-1024x1024.png 1024w, https:\/\/agitproject.info\/wp-content\/uploads\/2023\/12\/nagrody-150x150.png 150w, https:\/\/agitproject.info\/wp-content\/uploads\/2023\/12\/nagrody-768x768.png 768w\" sizes=\"auto, (max-width: 150px) 100vw, 150px\" \/><strong>Nagroda g\u0142\u00f3wna<\/strong>&nbsp;&#8211;&nbsp;<strong>profesjonalny kurs realizacji i produkcji filmowej online<\/strong>&nbsp;<strong>(<a href=\"http:\/\/www.projektfilm.pl\/\" target=\"_blank\" rel=\"noreferrer noopener\">www.projektfilm.pl<\/a>)<\/strong>  <\/p>\n\n\n\n<p>2)&nbsp;&nbsp;&nbsp;&nbsp;&nbsp;&nbsp;<img loading=\"lazy\" decoding=\"async\" width=\"150\" height=\"150\" class=\"wp-image-1779\" style=\"width: 150px;\" src=\"https:\/\/agitproject.info\/wp-content\/uploads\/2023\/12\/nagrody-3.png\" alt=\"\" srcset=\"https:\/\/agitproject.info\/wp-content\/uploads\/2023\/12\/nagrody-3.png 1200w, https:\/\/agitproject.info\/wp-content\/uploads\/2023\/12\/nagrody-3-300x300.png 300w, https:\/\/agitproject.info\/wp-content\/uploads\/2023\/12\/nagrody-3-1024x1024.png 1024w, https:\/\/agitproject.info\/wp-content\/uploads\/2023\/12\/nagrody-3-150x150.png 150w, https:\/\/agitproject.info\/wp-content\/uploads\/2023\/12\/nagrody-3-768x768.png 768w\" sizes=\"auto, (max-width: 150px) 100vw, 150px\" \/>Nagroda od NGO &#8211; dysk przeno\u015bny wielko\u015bci min. 1 TB<\/p>\n\n\n\n<p>3)&nbsp;&nbsp;&nbsp;&nbsp;&nbsp;<img loading=\"lazy\" decoding=\"async\" width=\"150\" height=\"150\" class=\"wp-image-1777\" style=\"width: 150px;\" src=\"https:\/\/agitproject.info\/wp-content\/uploads\/2023\/12\/nagrody-1.png\" alt=\"\" srcset=\"https:\/\/agitproject.info\/wp-content\/uploads\/2023\/12\/nagrody-1.png 1200w, https:\/\/agitproject.info\/wp-content\/uploads\/2023\/12\/nagrody-1-300x300.png 300w, https:\/\/agitproject.info\/wp-content\/uploads\/2023\/12\/nagrody-1-1024x1024.png 1024w, https:\/\/agitproject.info\/wp-content\/uploads\/2023\/12\/nagrody-1-150x150.png 150w, https:\/\/agitproject.info\/wp-content\/uploads\/2023\/12\/nagrody-1-768x768.png 768w\" sizes=\"auto, (max-width: 150px) 100vw, 150px\" \/>&nbsp;Dla wszystkich uczestnik\u00f3w i uczestniczek konkursu nagrody ksi\u0105\u017ckowe (ksi\u0105\u017cki o klimacie i transformacji energetycznej)<\/p>\n\n\n\n<div class=\"wp-block-stackable-heading stk-block-heading stk-block-heading--v2 stk-block stk-25b42bc\" id=\"strong-wszystkie-szczegoly-znajdziesz-w-a-href-https-agitproject-info-wp-content-uploads-2023-12-agit-nasz-klimat-konkurs-filmowy-dla-mlodziezy-regulamin-1-1-pdf-regulaminie-a-strong\" data-block-id=\"25b42bc\"><h2 class=\"stk-block-heading__text has-text-align-center\"><strong>Wszystkie szczeg\u00f3\u0142y znajdziesz w<\/strong> <a href=\"https:\/\/zielonasiec.pl\/wp-content\/uploads\/2023\/12\/AGIT_Nasz-Klimat_konkurs-filmowy-dla-mlodziezy_regulamin-1.pdf\">regulaminie<\/a><\/h2><\/div>\n\n\n\n<div class=\"wp-block-columns is-layout-flex wp-container-core-columns-is-layout-28f84493 wp-block-columns-is-layout-flex\">\n<div class=\"wp-block-column is-layout-flow wp-block-column-is-layout-flow\" style=\"flex-basis:100%\">\n<div class=\"wp-block-stackable-columns stk-block-columns stk-block stk-6726bd3\" data-block-id=\"6726bd3\"><div class=\"stk-row stk-inner-blocks stk-block-content stk-content-align stk-6726bd3-column\">\n<div class=\"wp-block-stackable-column stk-block-column stk-column stk-block stk-f19dccf\" data-v=\"4\" data-block-id=\"f19dccf\"><div class=\"stk-column-wrapper stk-block-column__content stk-container stk-f19dccf-container stk--no-background stk--no-padding\"><div class=\"stk-block-content stk-inner-blocks stk-f19dccf-inner-blocks\">\n<div class=\"wp-block-stackable-heading stk-block-heading stk-block-heading--v2 stk-block stk-af9ecd6\" id=\"strong-garsc-wskazowek-strong\" data-block-id=\"af9ecd6\"><h2 class=\"stk-block-heading__text\"><strong>Gar\u015b\u0107 wskaz\u00f3wek<\/strong><\/h2><\/div>\n\n\n\n<div class=\"wp-block-stackable-text stk-block-text stk-block stk-8500131\" data-block-id=\"8500131\"><p class=\"stk-block-text__text\"><strong><span style=\"color: var(--theme-palette-color-1, #00D085);\" class=\"stk-highlight\">Brakuje Ci tematu?<\/span> <a href=\"https:\/\/agitproject.info\/wp-content\/uploads\/2023\/12\/PORADNIK.pdf\">Mamy gar\u015b\u0107 pomys\u0142\u00f3w!<\/a><\/strong><\/p><\/div>\n\n\n\n<div class=\"wp-block-stackable-text stk-block-text stk-block stk-2bd1307\" data-block-id=\"2bd1307\"><p class=\"stk-block-text__text\"><strong><span style=\"color: var(--theme-palette-color-1, #00D085);\" class=\"stk-highlight\">Nie wiesz jak to zrobi\u0107?<\/span> <a href=\"https:\/\/agitproject.info\/wp-content\/uploads\/2023\/12\/Poradnik-2.0.pdf\">Zobacz nasz poradnik<\/a><\/strong><\/p><\/div>\n\n\n\n<p>Cenne informacje dotycz\u0105ce zmian klimatu mo\u017cna znale\u017a\u0107 m.in. na stronie <a href=\"https:\/\/naukaoklimacie.pl\/start\" target=\"_blank\" rel=\"noreferrer noopener\">www.naukaoklimacie.pl<\/a>, \u015bci\u0105gaj\u0105c ksi\u0105\u017ck\u0119 &#8220;Klimatyczne ABC&#8221; dost\u0119pnej nieodp\u0142atnie w formie pdf tutaj: <a href=\"https:\/\/www.wuw.pl\/product-pol-18569-Klimatyczne-ABC-Interdyscyplinarne-podstawy-wspolczesnej-wiedzy-o-zmianie-klimatu-PDF.html\" target=\"_blank\" rel=\"noreferrer noopener\">Klimatyczne ABC<\/a> lub na platformie <a href=\"https:\/\/ziemianarozdrozu.pl\/\" target=\"_blank\" rel=\"noreferrer noopener\">www.ziemianarozdrozu.pl<\/a>.  Mamy te\u017c dla Was kilka dodatkowych wskaz\u00f3wek, kt\u00f3re s\u0105 dost\u0119pne w naszej bibliotece dokument\u00f3w: <a href=\"https:\/\/agitproject.info\/wp-content\/uploads\/2023\/12\/Poradnik-realizacji-filmowej_Nasz-Klimat_MJ.pdf\" target=\"_blank\" rel=\"noreferrer noopener\">Wskaz\u00f3wki o realizacji filmowej<\/a><\/p>\n\n\n\n<div class=\"wp-block-stackable-heading stk-block-heading stk-block-heading--v2 stk-block stk-13a92ae\" id=\"strong-podsumowanie-wykladow-o-klimacie-i-realizacji-filmowej-strong\" data-block-id=\"13a92ae\"><h2 class=\"stk-block-heading__text\"><strong>Podsumowanie wyk\u0142ad\u00f3w o klimacie i realizacji filmowej<\/strong><\/h2><\/div>\n\n\n\n<div class=\"wp-block-stackable-text stk-block-text stk-block stk-53d440c\" data-block-id=\"53d440c\"><p class=\"stk-block-text__text\">Wydarzenie&nbsp;<strong>\u201eNasz Klimat\u201d \u2013 wyk\u0142ad i dyskusja o klimacie i transformacji energetycznej <\/strong>poprowadzone przez<strong> Marcina Popkiewicza&nbsp;<\/strong>oraz<strong>&nbsp;inauguracja konkursu filmowego&nbsp;<\/strong>po\u0142\u0105czona z<strong>&nbsp;wyk\u0142adem o realizacji filmowej Olgierda Michalaka<\/strong> odby\u0142o si\u0119<strong>&nbsp;25 listopada 2023&nbsp;r. w Domu Kultury \u015awit w Warszawie<\/strong>. Transmisj\u0119 wydarzenia mo\u017cna obejrze\u0107 na kanale You Tube Polskiej Zielonej Sieci tutaj: <a href=\"https:\/\/www.youtube.com\/live\/p0XzqdmtvXU?feature=shared\" target=\"_blank\" rel=\"noreferrer noopener\">Nasz Klimat &#8211; nagranie ze spotkania<\/a><\/p><\/div>\n<\/div><\/div><\/div>\n<\/div><\/div>\n<\/div>\n<\/div>\n\n\n\n<div class=\"wp-block-stackable-heading stk-block-heading stk-block-heading--v2 stk-block stk-a959ca2\" id=\"strong-prelegenci-strong\" data-block-id=\"a959ca2\"><h2 class=\"stk-block-heading__text\"><strong>Nasi prelegenci<\/strong><\/h2><\/div>\n\n\n\n<div class=\"wp-block-stackable-columns stk-block-columns stk-block stk-78c8994\" data-block-id=\"78c8994\"><div class=\"stk-row stk-inner-blocks stk-block-content stk-content-align stk-78c8994-column\">\n<div class=\"wp-block-stackable-column stk-block-column stk-column stk-block stk-94395a2\" data-v=\"4\" data-block-id=\"94395a2\"><div class=\"stk-column-wrapper stk-block-column__content stk-container stk-94395a2-container stk--no-background stk--no-padding\"><div class=\"stk-block-content stk-inner-blocks stk-94395a2-inner-blocks\">\n<div class=\"wp-block-media-text alignfull is-stacked-on-mobile\" style=\"grid-template-columns:26% auto\"><figure class=\"wp-block-media-text__media\"><img loading=\"lazy\" decoding=\"async\" width=\"1024\" height=\"1024\" src=\"https:\/\/agitproject.info\/wp-content\/uploads\/2023\/12\/Zdjecia-prelegentow-na-strone-1024x1024.png\" alt=\"\" class=\"wp-image-1773 size-full\" srcset=\"https:\/\/agitproject.info\/wp-content\/uploads\/2023\/12\/Zdjecia-prelegentow-na-strone-1024x1024.png 1024w, https:\/\/agitproject.info\/wp-content\/uploads\/2023\/12\/Zdjecia-prelegentow-na-strone-300x300.png 300w, https:\/\/agitproject.info\/wp-content\/uploads\/2023\/12\/Zdjecia-prelegentow-na-strone-150x150.png 150w, https:\/\/agitproject.info\/wp-content\/uploads\/2023\/12\/Zdjecia-prelegentow-na-strone-768x768.png 768w, https:\/\/agitproject.info\/wp-content\/uploads\/2023\/12\/Zdjecia-prelegentow-na-strone-1536x1536.png 1536w, https:\/\/agitproject.info\/wp-content\/uploads\/2023\/12\/Zdjecia-prelegentow-na-strone-2048x2048.png 2048w\" sizes=\"auto, (max-width: 1024px) 100vw, 1024px\" \/><\/figure><div class=\"wp-block-media-text__content\">\n<h3 class=\"wp-block-heading has-text-align-center has-text-color\" style=\"color:#000000\">Marcin Popkiewicz<\/h3>\n\n\n\n<p class=\"has-text-align-left\">Marcin Popkiewicz \u2013 analityk megatrend\u00f3w, ekspert i dziennikarz zajmuj\u0105cy si\u0119 powi\u0105zaniami w obszarach gospodarka-energia-zasoby-\u015brodowisko. Autor bestseller\u00f3w \u201e\u015awiat na rozdro\u017cu\u201d, \u201eRewolucja energetyczna. Ale po co?\u201d, \u201eNauka o klimacie\u201d oraz \u201eZrozumie\u0107 transformacj\u0119 energetyczn\u0105\u201d. Za\u0142o\u017cyciel i redaktor portali naukaoklimacie.pl i ziemianarozdrozu.pl. Laureat g\u0142\u00f3wnej nagrody \u201eDziennikarze dla klimatu 2015\u201d, \u201eEconomicus 2016\u201d za najlepsz\u0105 ksi\u0105\u017ck\u0119 szerz\u0105c\u0105 wiedz\u0119 ekonomiczn\u0105 oraz \u201ePromotor Energetyki Odnawialnej 2016\u201d. Wraz z zespo\u0142em redakcji \u201eNauka o klimacie\u201d laureat przyznawanej przez MNiSW oraz PAP nagrody \u201ePopularyzator Nauki 2017\u201d. \u201eLider edukacji o zr\u00f3wnowa\u017conym rozwoju\u201d magazynu Forbes w 2022 r. Przewodnicz\u0105cy Komitetu Monitoruj\u0105cego projekt\u00f3w z zakresu Europejskiego Zielonego \u0141adu w Narodowym Centrum Bada\u0144 i Rozwoju.<\/p>\n\n\n\n<p class=\"has-text-align-center has-extra-small-font-size\"><a href=\"https:\/\/naukaoklimacie.pl\/o-nas\/\" target=\"_blank\" rel=\"noreferrer noopener\">Nauka o Klimacie<\/a><\/p>\n<\/div><\/div>\n<\/div><\/div><\/div>\n<\/div><\/div>\n\n\n\n<div class=\"wp-block-stackable-columns stk-block-columns stk-block stk-f802d08\" data-block-id=\"f802d08\"><div class=\"stk-row stk-inner-blocks stk-block-content stk-content-align stk-f802d08-column\">\n<div class=\"wp-block-stackable-column stk-block-column stk-column stk-block stk-4541763\" data-v=\"4\" data-block-id=\"4541763\"><div class=\"stk-column-wrapper stk-block-column__content stk-container stk-4541763-container stk--no-background stk--no-padding\"><div class=\"stk-block-content stk-inner-blocks stk-4541763-inner-blocks\">\n<div class=\"wp-block-media-text alignfull is-stacked-on-mobile\" style=\"grid-template-columns:26% auto\"><figure class=\"wp-block-media-text__media\"><img loading=\"lazy\" decoding=\"async\" width=\"1024\" height=\"1024\" src=\"https:\/\/agitproject.info\/wp-content\/uploads\/2023\/12\/Zdjecia-prelegentow-na-strone-1-1024x1024.png\" alt=\"\" class=\"wp-image-1774 size-full\" srcset=\"https:\/\/agitproject.info\/wp-content\/uploads\/2023\/12\/Zdjecia-prelegentow-na-strone-1-1024x1024.png 1024w, https:\/\/agitproject.info\/wp-content\/uploads\/2023\/12\/Zdjecia-prelegentow-na-strone-1-300x300.png 300w, https:\/\/agitproject.info\/wp-content\/uploads\/2023\/12\/Zdjecia-prelegentow-na-strone-1-150x150.png 150w, https:\/\/agitproject.info\/wp-content\/uploads\/2023\/12\/Zdjecia-prelegentow-na-strone-1-768x768.png 768w, https:\/\/agitproject.info\/wp-content\/uploads\/2023\/12\/Zdjecia-prelegentow-na-strone-1.png 1080w\" sizes=\"auto, (max-width: 1024px) 100vw, 1024px\" \/><\/figure><div class=\"wp-block-media-text__content\">\n<h3 class=\"wp-block-heading has-text-align-center has-text-color\" style=\"color:#000000\">Olgierd Michalak<\/h3>\n\n\n\n<p class=\"has-text-align-left\">Olgierd Michalak &#8211; urodzony w 1981 w Warszawie operator obrazu, operator kamery. Absolwent Wydzia\u0142u Operatorskiego Pa\u0144stwowej Wy\u017cszej Szko\u0142y Filmowej, Telewizyjnej i Teatralnej w \u0141odzi. Autor zdj\u0119\u0107 do dokument\u00f3w i reporta\u017cy w ponad 90 krajach na \u015bwiecie skoncentrowanych na naturze i cz\u0142owieku. W jego dorobku s\u0105 zar\u00f3wno realizacje w Himalajach, podczas konflikt\u00f3w zbrojnych jak i zdj\u0119cia podwodne na otwartym oceanie. Ma na swoim koncie prac\u0119 dla telewizji polskich i zagranicznych. Jego prace zosta\u0142y wyemitowane w ponad 50 krajach, zdobywaj\u0105c nagrody od Grand Press po nagrod\u0119 Delfina z Cannes. Przez ostatnie 7 lat jest autorem zdj\u0119\u0107 do programu \u201cKobieta na kra\u0144cu \u015bwiata&#8221; Martyny Wojciechowskiej. Urodzony podr\u00f3\u017cnik.<\/p>\n<\/div><\/div>\n<\/div><\/div><\/div>\n<\/div><\/div>\n\n\n","protected":false},"excerpt":{"rendered":"<p>KONKURS FILMOWY To jest koniec. Dobieg\u0142 ko\u0144ca konkurs filmowy dla m\u0142odzie\u017cy Artystyczne emocje dobieg\u0142y ko\u0144ca. Swoje prace na&nbsp;konkurs filmowy \u201eNasz klimat\u201d przes\u0142a\u0142o ponad 20 zespo\u0142\u00f3w. Wyzwanie, kt\u00f3re by\u0142o zaadresowane do&nbsp;m\u0142odzie\u017cy licealnej w&nbsp;wieku 15-19 lat, trwa\u0142o od&nbsp;listopada 2023 r. M\u0142odzie\u017c mia\u0142a nagra\u0107 kr\u00f3tkie filmiki (od&nbsp;30 sekund do&nbsp;5 min.)&nbsp; dotycz\u0105ce ekologii m.in.&nbsp;katastrofy klimatycznej, globalnego ocieplenia, zjawisk pogodowych [&hellip;]<\/p>\n","protected":false},"author":3,"featured_media":0,"parent":1164,"menu_order":0,"comment_status":"closed","ping_status":"closed","template":"","meta":{"footnotes":""},"class_list":["post-1279","page","type-page","status-publish","hentry"],"blocksy_meta":[],"_links":{"self":[{"href":"https:\/\/agitproject.info\/index.php\/wp-json\/wp\/v2\/pages\/1279","targetHints":{"allow":["GET"]}}],"collection":[{"href":"https:\/\/agitproject.info\/index.php\/wp-json\/wp\/v2\/pages"}],"about":[{"href":"https:\/\/agitproject.info\/index.php\/wp-json\/wp\/v2\/types\/page"}],"author":[{"embeddable":true,"href":"https:\/\/agitproject.info\/index.php\/wp-json\/wp\/v2\/users\/3"}],"replies":[{"embeddable":true,"href":"https:\/\/agitproject.info\/index.php\/wp-json\/wp\/v2\/comments?post=1279"}],"version-history":[{"count":76,"href":"https:\/\/agitproject.info\/index.php\/wp-json\/wp\/v2\/pages\/1279\/revisions"}],"predecessor-version":[{"id":1845,"href":"https:\/\/agitproject.info\/index.php\/wp-json\/wp\/v2\/pages\/1279\/revisions\/1845"}],"up":[{"embeddable":true,"href":"https:\/\/agitproject.info\/index.php\/wp-json\/wp\/v2\/pages\/1164"}],"wp:attachment":[{"href":"https:\/\/agitproject.info\/index.php\/wp-json\/wp\/v2\/media?parent=1279"}],"curies":[{"name":"wp","href":"https:\/\/api.w.org\/{rel}","templated":true}]}}