{"id":1269,"date":"2023-06-02T12:29:52","date_gmt":"2023-06-02T10:29:52","guid":{"rendered":"https:\/\/agitproject.info\/?page_id=1269"},"modified":"2024-07-12T10:54:04","modified_gmt":"2024-07-12T08:54:04","slug":"1269-2","status":"publish","type":"page","link":"https:\/\/agitproject.info\/index.php\/cs\/agit-cestina\/1269-2\/","title":{"rendered":"Documents library \u2013 \u010ce\u0161tina"},"content":{"rendered":"\n<div class=\"wp-block-stackable-spacer stk-block-spacer stk--no-padding stk-block stk-44000dc\" data-block-id=\"44000dc\"><style>.stk-44000dc{height:100px !important}<\/style><\/div>\n\n\n\n<div class=\"wp-block-stackable-columns stk-block-columns stk-block stk-764489c\" data-block-id=\"764489c\"><div class=\"stk-row stk-inner-blocks stk-block-content stk-content-align stk-764489c-column\">\n<div class=\"wp-block-stackable-column stk-block-column stk-column stk-block stk-a9a2c00\" data-v=\"4\" data-block-id=\"a9a2c00\"><div class=\"stk-column-wrapper stk-block-column__content stk-container stk-a9a2c00-container stk--no-background stk--no-padding\"><div class=\"stk-block-content stk-inner-blocks stk-a9a2c00-inner-blocks\">\n<div class=\"wp-block-stackable-heading stk-block-heading stk-block-heading--v2 stk-block stk-f92f47b\" id=\"knihovna-dokumentu\" data-block-id=\"f92f47b\"><style>.stk-f92f47b .stk-block-heading__text{font-size:128px !important;color:var(--theme-palette-color-1,#00D085) !important;font-weight:bold !important;text-transform:uppercase !important;font-family:\"Lato\",Sans-serif !important}@media screen and (max-width:999px){.stk-f92f47b .stk-block-heading__text{font-size:50px !important}}<\/style><h2 class=\"stk-block-heading__text has-text-color\">Knihovna dokument\u016f<\/h2><\/div>\n<\/div><\/div><\/div>\n<\/div><\/div>\n\n\n\n<div class=\"wp-block-stackable-columns stk-block-columns stk-block stk-963a3f4\" data-block-id=\"963a3f4\"><style>.stk-963a3f4{margin-bottom:200px !important}<\/style><div class=\"stk-row stk-inner-blocks stk-block-content stk-content-align stk-963a3f4-column\">\n<div class=\"wp-block-stackable-column stk-block-column stk-column stk-block stk-76b6a2a\" data-v=\"4\" data-block-id=\"76b6a2a\"><div class=\"stk-column-wrapper stk-block-column__content stk-container stk-76b6a2a-container stk--no-background stk--no-padding\"><div class=\"stk-block-content stk-inner-blocks stk-76b6a2a-inner-blocks\">\n<div class=\"wp-block-stackable-columns stk-block-columns stk-block stk-903314a\" data-block-id=\"903314a\"><div class=\"stk-row stk-inner-blocks stk-block-content stk-content-align stk-903314a-column\">\n<div class=\"wp-block-stackable-column stk-block-column stk-column stk-block stk-e8312c0\" data-v=\"4\" data-block-id=\"e8312c0\"><div class=\"stk-column-wrapper stk-block-column__content stk-container stk-e8312c0-container stk--no-background stk--no-padding\"><div class=\"stk-block-content stk-inner-blocks stk-e8312c0-inner-blocks\">\n<div class=\"wp-block-stackable-text stk-block-text stk-block stk-a29b8e0\" data-block-id=\"a29b8e0\"><style>.stk-a29b8e0{margin-right:40px !important}<\/style><p class=\"stk-block-text__text\"><\/p><\/div>\n\n\n\n<div class=\"wp-block-stackable-text stk-block-text stk-block stk-993532c\" data-block-id=\"993532c\"><p class=\"stk-block-text__text\"><\/p><\/div>\n<\/div><\/div><\/div>\n<\/div><\/div>\n<\/div><\/div><\/div>\n\n\n\n<div class=\"wp-block-stackable-column stk-block-column stk-column stk-block stk-c24a97f\" data-v=\"4\" data-block-id=\"c24a97f\"><div class=\"stk-column-wrapper stk-block-column__content stk-container stk-c24a97f-container stk--no-background stk--no-padding\"><div class=\"stk-block-content stk-inner-blocks stk-c24a97f-inner-blocks\">\n<div class=\"wp-block-stackable-columns stk-block-columns stk-block stk-99c2d8d\" data-block-id=\"99c2d8d\"><style>.stk-99c2d8d{margin-bottom:0px !important}<\/style><div class=\"stk-row stk-inner-blocks stk-block-content stk-content-align stk-99c2d8d-column\">\n<div class=\"wp-block-stackable-column stk-block-column stk-column stk-block stk-f2bb097\" data-v=\"4\" data-block-id=\"f2bb097\"><style>@media screen and (min-width:690px){.stk-f2bb097{flex:var(--stk-flex-grow,1) 1 calc(75% - var(--stk-column-gap,0px) * 1 \/ 2 ) !important}}<\/style><div class=\"stk-column-wrapper stk-block-column__content stk-container stk-f2bb097-container stk--no-background stk--no-padding\"><div class=\"stk-block-content stk-inner-blocks stk-f2bb097-inner-blocks\">\n<div class=\"wp-block-stackable-heading stk-block-heading stk-block-heading--v2 stk-block stk-1d6fb31\" id=\"judgement-of-the-supreme-administrative-court-of-the-czech-republic-of-20-february-2023-no-9-as-116-2022-166-klimaticka-zaloba-cr-summary-unofficial-summary-of-the-court-decision\" data-block-id=\"1d6fb31\"><style>.stk-1d6fb31{margin-bottom:0px !important}.stk-1d6fb31 .stk-block-heading__text{color:var(--theme-palette-color-1,#00D085) !important}<\/style><h6 class=\"stk-block-heading__text has-text-color\">Judgement of the Supreme Administrative Court of the Czech Republic of 20 February 2023, No. 9 As 116\/2022-166 Klimatick\u00e1 \u017ealoba \u010cR Summary &#8211; unofficial summary of the Court decision<\/h6><\/div>\n\n\n\n<div class=\"wp-block-stackable-text stk-block-text stk-block stk-ff48fc4\" data-block-id=\"ff48fc4\"><style>.stk-ff48fc4{max-width:70% !important}.stk-ff48fc4 .stk-block-text__text{font-size:12px !important}@media screen and (max-width:999px){.stk-ff48fc4 .stk-block-text__text{font-size:12px !important}}<\/style><p class=\"stk-block-text__text\"><\/p><\/div>\n<\/div><\/div><\/div>\n\n\n\n<div class=\"wp-block-stackable-column stk-block-column stk-column stk-block stk-470b0d3\" data-v=\"4\" data-block-id=\"470b0d3\"><style>.stk-470b0d3{align-self:center !important}@media screen and (min-width:690px){.stk-470b0d3{flex:var(--stk-flex-grow,1) 1 calc(25% - var(--stk-column-gap,0px) * 1 \/ 2 ) !important}}<\/style><div class=\"stk-column-wrapper stk-block-column__content stk-container stk-470b0d3-container stk--no-background stk--no-padding\"><div class=\"stk-block-content stk-inner-blocks stk-470b0d3-inner-blocks\">\n<div class=\"wp-block-stackable-button-group stk-block-button-group stk-block stk-d965b13\" data-block-id=\"d965b13\"><div class=\"stk-row stk-inner-blocks stk-block-content stk-button-group\">\n<div class=\"wp-block-stackable-button stk-block-button stk-block stk-0975731\" data-block-id=\"0975731\"><style>.stk-0975731{align-items:center !important;display:flex !important}.stk-0975731 .stk-button{border-radius:50px !important}<\/style><a class=\"stk-link stk-button stk--hover-effect-darken\" href=\"https:\/\/agitproject.info\/wp-content\/uploads\/2023\/07\/Judgement-of-the-SAC-CZ_Klimaticka-Zaloba_Summary.pdf\" target=\"_blank\" rel=\"noreferrer noopener\"><span class=\"stk-button__inner-text\">V\u00edce\u2192<\/span><\/a><\/div>\n<\/div><\/div>\n<\/div><\/div><\/div>\n<\/div><\/div>\n\n\n\n<div class=\"wp-block-stackable-divider stk-block-divider stk-block stk-78bb4dd\" data-block-id=\"78bb4dd\"><style>.stk-78bb4dd{margin-bottom:0px !important}.stk-78bb4dd hr.stk-block-divider__hr{background:var(--theme-palette-color-4,#000000) !important;height:1px !important;width:96% !important}<\/style><hr class=\"stk-block-divider__hr\"\/><\/div>\n\n\n\n<div class=\"wp-block-stackable-columns stk-block-columns stk-block stk-63383a6\" data-block-id=\"63383a6\"><style>.stk-63383a6{margin-bottom:0px !important}<\/style><div class=\"stk-row stk-inner-blocks stk-block-content stk-content-align stk-63383a6-column\">\n<div class=\"wp-block-stackable-column stk-block-column stk-column stk-block stk-a20daa9\" data-v=\"4\" data-block-id=\"a20daa9\"><style>@media screen and (min-width:690px){.stk-a20daa9{flex:var(--stk-flex-grow,1) 1 calc(75% - var(--stk-column-gap,0px) * 1 \/ 2 ) !important}}<\/style><div class=\"stk-column-wrapper stk-block-column__content stk-container stk-a20daa9-container stk--no-background stk--no-padding\"><div class=\"stk-block-content stk-inner-blocks stk-a20daa9-inner-blocks\">\n<div class=\"wp-block-stackable-heading stk-block-heading stk-block-heading--v2 stk-block stk-0947839\" id=\"pravo-v-akci-prirucka-klimaradu\" data-block-id=\"0947839\"><style>.stk-0947839{margin-bottom:0px !important}.stk-0947839 .stk-block-heading__text{color:var(--theme-palette-color-1,#00D085) !important}<\/style><h6 class=\"stk-block-heading__text has-text-color\">PR\u00c1VO V AKCI: P\u0158\u00cdRU\u010cKA KLIMAR\u00c1D\u016e <\/h6><\/div>\n\n\n\n<p class=\"has-small-font-size\">Obsahuje jednoduch\u00e9 vysv\u011btlen\u00ed kl\u00ed\u010dov\u00fdch pr\u00e1vn\u00edch n\u00e1stroj\u016f pro aktivn\u00ed ob\u010dany dopln\u011bn\u00e9 o re\u00e1ln\u00e9 p\u0159\u00edklady z praxe, a to v oblastech &nbsp;pap\u00edrov\u00fd aktivismus, demonstrace, policie a ob\u010dansk\u00e1 neposlu\u0161nost.<\/p>\n\n\n\n<p class=\"has-small-font-size\">P\u0159\u00edru\u010dku jsme vytvo\u0159ili v r\u00e1mci vzd\u011bl\u00e1vac\u00edho projektu Klimar\u00e1di s c\u00edlem roz\u0161\u00ed\u0159it pr\u00e1vn\u00ed znalosti, podpo\u0159it aktivn\u00ed ob\u010danstv\u00ed a snahy o ochranu klimatu zejm\u00e9na mezi st\u0159edo\u0161kol\u00e1ky a neziskov\u00e9 organizace. Tato p\u0159\u00edru\u010dka je sou\u010d\u00e1st\u00ed studijn\u00edch materi\u00e1l\u016f, kter\u00e9 jsou k dost\u00e1n\u00ed na workshopu<a href=\"https:\/\/klimaradi.klimazaloba.cz\/index.php\/pravnidilna\/\">&nbsp;PR\u00c1VN\u00cd D\u00cdLNY pro neziskovky.<\/a><\/p>\n<\/div><\/div><\/div>\n\n\n\n<div class=\"wp-block-stackable-column stk-block-column stk-column stk-block stk-635602a\" data-v=\"4\" data-block-id=\"635602a\"><style>.stk-635602a{align-self:center !important}@media screen and (min-width:690px){.stk-635602a{flex:var(--stk-flex-grow,1) 1 calc(25% - var(--stk-column-gap,0px) * 1 \/ 2 ) !important}}<\/style><div class=\"stk-column-wrapper stk-block-column__content stk-container stk-635602a-container stk--no-background stk--no-padding\"><div class=\"stk-block-content stk-inner-blocks stk-635602a-inner-blocks\">\n<div class=\"wp-block-stackable-button-group stk-block-button-group stk-block stk-5844dc6\" data-block-id=\"5844dc6\"><div class=\"stk-row stk-inner-blocks stk-block-content stk-button-group\">\n<div class=\"wp-block-stackable-button stk-block-button stk-block stk-d0998c5\" data-block-id=\"d0998c5\"><style>.stk-d0998c5{align-items:center !important;display:flex !important}.stk-d0998c5 .stk-button{border-top-left-radius:50px !important;border-top-right-radius:50px !important;border-bottom-right-radius:50px !important;border-bottom-left-radius:50px !important}<\/style><a class=\"stk-link stk-button stk--hover-effect-darken\" href=\"https:\/\/klimaradi.klimazaloba.cz\/wp-content\/uploads\/2024\/02\/kniha-editace-28.2.-Digital.pdf\" target=\"_blank\" rel=\"noreferrer noopener\"><span class=\"stk-button__inner-text\"> V\u00edce\u2192<\/span><\/a><\/div>\n<\/div><\/div>\n<\/div><\/div><\/div>\n<\/div><\/div>\n\n\n\n<div class=\"wp-block-stackable-divider stk-block-divider stk-block stk-660e37b\" data-block-id=\"660e37b\"><style>.stk-660e37b{margin-bottom:0px !important}.stk-660e37b hr.stk-block-divider__hr{background:var(--theme-palette-color-4,#000000) !important;height:1px !important;width:96% !important}<\/style><hr class=\"stk-block-divider__hr\"\/><\/div>\n<\/div><\/div><\/div>\n<\/div><\/div>\n\n\n\n<div class=\"wp-block-stackable-columns stk-block-columns stk-block stk-b5fe6ab\" data-block-id=\"b5fe6ab\"><style>.stk-b5fe6ab{margin-bottom:200px !important}<\/style><div class=\"stk-row stk-inner-blocks stk-block-content stk-content-align stk-b5fe6ab-column\">\n<div class=\"wp-block-stackable-column stk-block-column stk-column stk-block stk-b5c3ad4\" data-v=\"4\" data-block-id=\"b5c3ad4\"><div class=\"stk-column-wrapper stk-block-column__content stk-container stk-b5c3ad4-container stk--no-background stk--no-padding\"><div class=\"stk-block-content stk-inner-blocks stk-b5c3ad4-inner-blocks\">\n<div class=\"wp-block-stackable-columns stk-block-columns stk-block stk-95db01d\" data-block-id=\"95db01d\"><div class=\"stk-row stk-inner-blocks stk-block-content stk-content-align stk-95db01d-column\">\n<div class=\"wp-block-stackable-column stk-block-column stk-column stk-block stk-8dc9173\" data-v=\"4\" data-block-id=\"8dc9173\"><div class=\"stk-column-wrapper stk-block-column__content stk-container stk-8dc9173-container stk--no-background stk--no-padding\"><div class=\"stk-block-content stk-inner-blocks stk-8dc9173-inner-blocks\">\n<div class=\"wp-block-stackable-text stk-block-text stk-block stk-bd83d52\" data-block-id=\"bd83d52\"><style>.stk-bd83d52{margin-right:40px !important}<\/style><p class=\"stk-block-text__text\"><\/p><\/div>\n\n\n\n<div class=\"wp-block-stackable-text stk-block-text stk-block stk-3055151\" data-block-id=\"3055151\"><p class=\"stk-block-text__text\"><\/p><\/div>\n<\/div><\/div><\/div>\n<\/div><\/div>\n<\/div><\/div><\/div>\n\n\n\n<div class=\"wp-block-stackable-column stk-block-column stk-column stk-block stk-76fdf8f\" data-v=\"4\" data-block-id=\"76fdf8f\"><div class=\"stk-column-wrapper stk-block-column__content stk-container stk-76fdf8f-container stk--no-background stk--no-padding\"><div class=\"stk-block-content stk-inner-blocks stk-76fdf8f-inner-blocks\">\n<div class=\"wp-block-stackable-columns stk-block-columns stk-block stk-82d9ef3\" data-block-id=\"82d9ef3\"><style>.stk-82d9ef3{margin-bottom:0px !important}<\/style><div class=\"stk-row stk-inner-blocks stk-block-content stk-content-align stk-82d9ef3-column\">\n<div class=\"wp-block-stackable-column stk-block-column stk-column stk-block stk-9115f03\" data-v=\"4\" data-block-id=\"9115f03\"><style>@media screen and (min-width:690px){.stk-9115f03{flex:var(--stk-flex-grow,1) 1 calc(75% - var(--stk-column-gap,0px) * 1 \/ 2 ) !important}}<\/style><div class=\"stk-column-wrapper stk-block-column__content stk-container stk-9115f03-container stk--no-background stk--no-padding\"><div class=\"stk-block-content stk-inner-blocks stk-9115f03-inner-blocks\">\n<div class=\"wp-block-stackable-heading stk-block-heading stk-block-heading--v2 stk-block stk-a220bb2\" id=\"metodika-stredni-skoly\" data-block-id=\"a220bb2\"><style>.stk-a220bb2{margin-bottom:0px !important}.stk-a220bb2 .stk-block-heading__text{color:var(--theme-palette-color-1,#00D085) !important}<\/style><h6 class=\"stk-block-heading__text has-text-color\">METODIKA ST\u0158EDN\u00cd \u0160KOLY<\/h6><\/div>\n\n\n\n<div class=\"wp-block-stackable-text stk-block-text stk-block stk-f7fba0a\" data-block-id=\"f7fba0a\"><style>.stk-f7fba0a{max-width:70% !important}.stk-f7fba0a .stk-block-text__text{font-size:12px !important}@media screen and (max-width:999px){.stk-f7fba0a .stk-block-text__text{font-size:12px !important}}<\/style><p class=\"stk-block-text__text\">Koment\u00e1\u0159 k metodice: Metodika je ur\u010den\u00e1 v prvn\u00ed \u0159ad\u011b pro lektory a lektorky, kte\u0159\u00ed povedou semin\u00e1\u0159e na S\u0160 ve \u0161koln\u00edm roce 2023\/24.<br>V lektorsk\u00e9 dvojici by m\u011bl b\u00fdt v\u017edy \u010dlov\u011bk s pr\u00e1vn\u00edmi znalostmi<br>(povede aktivity pr\u00e1vn\u00edho charakteru + dal\u0161\u00ed dle domluvy) a \u010dlov\u011bk<br>s lektorsk\u00fdmi dovednostmi (facilitace reflex\u00ed a diskuz\u00ed, pr\u00e1ce s emocemi a politick\u00fdmi t\u00e9maty). <\/p><\/div>\n<\/div><\/div><\/div>\n\n\n\n<div class=\"wp-block-stackable-column stk-block-column stk-column stk-block stk-400ce44\" data-v=\"4\" data-block-id=\"400ce44\"><style>.stk-400ce44{align-self:center !important}@media screen and (min-width:690px){.stk-400ce44{flex:var(--stk-flex-grow,1) 1 calc(25% - var(--stk-column-gap,0px) * 1 \/ 2 ) !important}}<\/style><div class=\"stk-column-wrapper stk-block-column__content stk-container stk-400ce44-container stk--no-background stk--no-padding\"><div class=\"stk-block-content stk-inner-blocks stk-400ce44-inner-blocks\">\n<div class=\"wp-block-stackable-button-group stk-block-button-group stk-block stk-9e0f545\" data-block-id=\"9e0f545\"><div class=\"stk-row stk-inner-blocks stk-block-content stk-button-group\">\n<div class=\"wp-block-stackable-button stk-block-button stk-block stk-7169a51\" data-block-id=\"7169a51\"><style>.stk-7169a51{align-items:center !important;display:flex !important}.stk-7169a51 .stk-button{border-top-left-radius:50px !important;border-top-right-radius:50px !important;border-bottom-right-radius:50px !important;border-bottom-left-radius:50px !important}<\/style><a class=\"stk-link stk-button stk--hover-effect-darken\" href=\"https:\/\/klimaradi.klimazaloba.cz\/wp-content\/uploads\/2024\/07\/SS-Metodika-2.pdf\" target=\"_blank\" rel=\"noreferrer noopener\"><span class=\"stk-button__inner-text\">V\u00edce\u2192<\/span><\/a><\/div>\n<\/div><\/div>\n<\/div><\/div><\/div>\n<\/div><\/div>\n\n\n\n<div class=\"wp-block-stackable-divider stk-block-divider stk-block stk-e4d58c6\" data-block-id=\"e4d58c6\"><style>.stk-e4d58c6{margin-bottom:0px !important}.stk-e4d58c6 hr.stk-block-divider__hr{background:var(--theme-palette-color-4,#000000) !important;height:1px !important;width:96% !important}<\/style><hr class=\"stk-block-divider__hr\"\/><\/div>\n\n\n\n<div class=\"wp-block-stackable-columns stk-block-columns stk-block stk-03e0d8a\" data-block-id=\"03e0d8a\"><style>.stk-03e0d8a{margin-bottom:0px !important}<\/style><div class=\"stk-row stk-inner-blocks stk-block-content stk-content-align stk-03e0d8a-column\">\n<div class=\"wp-block-stackable-column stk-block-column stk-column stk-block stk-675c144\" data-v=\"4\" data-block-id=\"675c144\"><style>@media screen and (min-width:690px){.stk-675c144{flex:var(--stk-flex-grow,1) 1 calc(75% - var(--stk-column-gap,0px) * 1 \/ 2 ) !important}}<\/style><div class=\"stk-column-wrapper stk-block-column__content stk-container stk-675c144-container stk--no-background stk--no-padding\"><div class=\"stk-block-content stk-inner-blocks stk-675c144-inner-blocks\">\n<div class=\"wp-block-stackable-heading stk-block-heading stk-block-heading--v2 stk-block stk-f4c716f\" id=\"metodika-pravni-dilny\" data-block-id=\"f4c716f\"><style>.stk-f4c716f{margin-bottom:0px !important}.stk-f4c716f .stk-block-heading__text{color:var(--theme-palette-color-1,#00D085) !important}<\/style><h6 class=\"stk-block-heading__text has-text-color\">METODIKA PR\u00c1VN\u00cd D\u00cdLNY<\/h6><\/div>\n\n\n\n<p class=\"has-small-font-size\"><\/p>\n<\/div><\/div><\/div>\n\n\n\n<div class=\"wp-block-stackable-column stk-block-column stk-column stk-block stk-f664927\" data-v=\"4\" data-block-id=\"f664927\"><style>.stk-f664927{align-self:center !important}@media screen and (min-width:690px){.stk-f664927{flex:var(--stk-flex-grow,1) 1 calc(25% - var(--stk-column-gap,0px) * 1 \/ 2 ) !important}}<\/style><div class=\"stk-column-wrapper stk-block-column__content stk-container stk-f664927-container stk--no-background stk--no-padding\"><div class=\"stk-block-content stk-inner-blocks stk-f664927-inner-blocks\">\n<div class=\"wp-block-stackable-button-group stk-block-button-group stk-block stk-3b4e955\" data-block-id=\"3b4e955\"><div class=\"stk-row stk-inner-blocks stk-block-content stk-button-group\">\n<div class=\"wp-block-stackable-button stk-block-button stk-block stk-10d954a\" data-block-id=\"10d954a\"><style>.stk-10d954a{align-items:center !important;display:flex !important}.stk-10d954a .stk-button{border-top-left-radius:50px !important;border-top-right-radius:50px !important;border-bottom-right-radius:50px !important;border-bottom-left-radius:50px !important}<\/style><a class=\"stk-link stk-button stk--hover-effect-darken\" href=\"https:\/\/klimaradi.klimazaloba.cz\/wp-content\/uploads\/2024\/06\/Metodika-Pravni-dilny-2024.pdf\" target=\"_blank\" rel=\"noreferrer noopener\"><span class=\"stk-button__inner-text\"> V\u00edce\u2192<\/span><\/a><\/div>\n<\/div><\/div>\n<\/div><\/div><\/div>\n<\/div><\/div>\n\n\n\n<div class=\"wp-block-stackable-divider stk-block-divider stk-block stk-0543783\" data-block-id=\"0543783\"><style>.stk-0543783{margin-bottom:0px !important}.stk-0543783 hr.stk-block-divider__hr{background:var(--theme-palette-color-4,#000000) !important;height:1px !important;width:96% !important}<\/style><hr class=\"stk-block-divider__hr\"\/><\/div>\n<\/div><\/div><\/div>\n<\/div><\/div>\n","protected":false},"excerpt":{"rendered":"<p>Knihovna dokument\u016f Judgement of the Supreme Administrative Court of the Czech Republic of 20 February 2023, No. 9 As 116\/2022-166 Klimatick\u00e1 \u017ealoba \u010cR Summary &#8211; unofficial summary of the Court decision V\u00edce\u2192 PR\u00c1VO V AKCI: P\u0158\u00cdRU\u010cKA KLIMAR\u00c1D\u016e Obsahuje jednoduch\u00e9 vysv\u011btlen\u00ed kl\u00ed\u010dov\u00fdch pr\u00e1vn\u00edch n\u00e1stroj\u016f pro aktivn\u00ed ob\u010dany dopln\u011bn\u00e9 o re\u00e1ln\u00e9 p\u0159\u00edklady z praxe, a to v [&hellip;]<\/p>\n","protected":false},"author":1,"featured_media":0,"parent":1166,"menu_order":0,"comment_status":"closed","ping_status":"closed","template":"","meta":{"footnotes":""},"class_list":["post-1269","page","type-page","status-publish","hentry"],"blocksy_meta":{"vertical_spacing_source":"custom","content_area_spacing":"none"},"_links":{"self":[{"href":"https:\/\/agitproject.info\/index.php\/wp-json\/wp\/v2\/pages\/1269","targetHints":{"allow":["GET"]}}],"collection":[{"href":"https:\/\/agitproject.info\/index.php\/wp-json\/wp\/v2\/pages"}],"about":[{"href":"https:\/\/agitproject.info\/index.php\/wp-json\/wp\/v2\/types\/page"}],"author":[{"embeddable":true,"href":"https:\/\/agitproject.info\/index.php\/wp-json\/wp\/v2\/users\/1"}],"replies":[{"embeddable":true,"href":"https:\/\/agitproject.info\/index.php\/wp-json\/wp\/v2\/comments?post=1269"}],"version-history":[{"count":12,"href":"https:\/\/agitproject.info\/index.php\/wp-json\/wp\/v2\/pages\/1269\/revisions"}],"predecessor-version":[{"id":1920,"href":"https:\/\/agitproject.info\/index.php\/wp-json\/wp\/v2\/pages\/1269\/revisions\/1920"}],"up":[{"embeddable":true,"href":"https:\/\/agitproject.info\/index.php\/wp-json\/wp\/v2\/pages\/1166"}],"wp:attachment":[{"href":"https:\/\/agitproject.info\/index.php\/wp-json\/wp\/v2\/media?parent=1269"}],"curies":[{"name":"wp","href":"https:\/\/api.w.org\/{rel}","templated":true}]}}