{"id":1268,"date":"2023-06-02T12:29:46","date_gmt":"2023-06-02T10:29:46","guid":{"rendered":"https:\/\/agitproject.info\/?page_id=1268"},"modified":"2023-08-01T14:44:21","modified_gmt":"2023-08-01T12:44:21","slug":"1268-2","status":"publish","type":"page","link":"https:\/\/agitproject.info\/index.php\/sk\/agit-slovencina\/1268-2\/","title":{"rendered":"Documents library \u2013 Sloven\u010dina"},"content":{"rendered":"\n<div class=\"wp-block-stackable-spacer stk-block-spacer stk--no-padding stk-block stk-44000dc\" data-block-id=\"44000dc\"><style>.stk-44000dc{height:100px !important}<\/style><\/div>\n\n\n\n<div class=\"wp-block-stackable-columns stk-block-columns stk-block stk-764489c\" data-block-id=\"764489c\"><div class=\"stk-row stk-inner-blocks stk-block-content stk-content-align stk-764489c-column\">\n<div class=\"wp-block-stackable-column stk-block-column stk-column stk-block stk-a9a2c00\" data-v=\"4\" data-block-id=\"a9a2c00\"><div class=\"stk-column-wrapper stk-block-column__content stk-container stk-a9a2c00-container stk--no-background stk--no-padding\"><div class=\"stk-block-content stk-inner-blocks stk-a9a2c00-inner-blocks\">\n<div class=\"wp-block-stackable-heading stk-block-heading stk-block-heading--v2 stk-block stk-f92f47b\" id=\"kniznica-dokumentov\" data-block-id=\"f92f47b\"><style>.stk-f92f47b .stk-block-heading__text{font-size:128px !important;color:var(--theme-palette-color-1,#00D085) !important;font-weight:bold !important;text-transform:uppercase !important;font-family:\"Lato\",Sans-serif !important}@media screen and (max-width:999px){.stk-f92f47b .stk-block-heading__text{font-size:50px !important}}<\/style><h2 class=\"stk-block-heading__text has-text-color\">Kni\u017enica dokumentov<\/h2><\/div>\n<\/div><\/div><\/div>\n<\/div><\/div>\n\n\n\n<div class=\"wp-block-stackable-columns stk-block-columns stk-block stk-963a3f4\" data-block-id=\"963a3f4\"><style>.stk-963a3f4{margin-bottom:200px !important}<\/style><div class=\"stk-row stk-inner-blocks stk-block-content stk-content-align stk-963a3f4-column\">\n<div class=\"wp-block-stackable-column stk-block-column stk-column stk-block stk-76b6a2a\" data-v=\"4\" data-block-id=\"76b6a2a\"><div class=\"stk-column-wrapper stk-block-column__content stk-container stk-76b6a2a-container stk--no-background stk--no-padding\"><div class=\"stk-block-content stk-inner-blocks stk-76b6a2a-inner-blocks\">\n<div class=\"wp-block-stackable-columns stk-block-columns stk-block stk-903314a\" data-block-id=\"903314a\"><div class=\"stk-row stk-inner-blocks stk-block-content stk-content-align stk-903314a-column\">\n<div class=\"wp-block-stackable-column stk-block-column stk-column stk-block stk-e8312c0\" data-v=\"4\" data-block-id=\"e8312c0\"><div class=\"stk-column-wrapper stk-block-column__content stk-container stk-e8312c0-container stk--no-background stk--no-padding\"><div class=\"stk-block-content stk-inner-blocks stk-e8312c0-inner-blocks\">\n<div class=\"wp-block-stackable-text stk-block-text stk-block stk-a29b8e0\" data-block-id=\"a29b8e0\"><style>.stk-a29b8e0{margin-right:40px !important}<\/style><p class=\"stk-block-text__text\"><\/p><\/div>\n\n\n\n<div class=\"wp-block-stackable-text stk-block-text stk-block stk-993532c\" data-block-id=\"993532c\"><p class=\"stk-block-text__text\"><\/p><\/div>\n<\/div><\/div><\/div>\n<\/div><\/div>\n<\/div><\/div><\/div>\n\n\n\n<div class=\"wp-block-stackable-column stk-block-column stk-column stk-block stk-c24a97f\" data-v=\"4\" data-block-id=\"c24a97f\"><div class=\"stk-column-wrapper stk-block-column__content stk-container stk-c24a97f-container stk--no-background stk--no-padding\"><div class=\"stk-block-content stk-inner-blocks stk-c24a97f-inner-blocks\">\n<div class=\"wp-block-stackable-columns stk-block-columns stk-block stk-99c2d8d\" data-block-id=\"99c2d8d\"><style>.stk-99c2d8d{margin-bottom:0px !important}<\/style><div class=\"stk-row stk-inner-blocks stk-block-content stk-content-align stk-99c2d8d-column\">\n<div class=\"wp-block-stackable-column stk-block-column stk-column stk-block stk-f2bb097\" data-v=\"4\" data-block-id=\"f2bb097\"><style>@media screen and (min-width:690px){.stk-f2bb097{flex:1 1 calc(75% - var(--stk-column-gap,0px) * 1 \/ 2 ) !important}}<\/style><div class=\"stk-column-wrapper stk-block-column__content stk-container stk-f2bb097-container stk--no-background stk--no-padding\"><div class=\"stk-block-content stk-inner-blocks stk-f2bb097-inner-blocks\">\n<div class=\"wp-block-stackable-heading stk-block-heading stk-block-heading--v2 stk-block stk-1d6fb31\" id=\"vplyv-ludskych-aktivit-na-planetu-zem\" data-block-id=\"1d6fb31\"><style>.stk-1d6fb31{margin-bottom:0px !important}.stk-1d6fb31 .stk-block-heading__text{color:var(--theme-palette-color-1,#00D085) !important}<\/style><h6 class=\"stk-block-heading__text has-text-color\">VPLYV \u013dUDSK\u00ddCH AKTIV\u00cdT NA PLAN\u00c9TU ZEM <\/h6><\/div>\n\n\n\n<div class=\"wp-block-stackable-text stk-block-text stk-block stk-ff48fc4\" data-block-id=\"ff48fc4\"><style>.stk-ff48fc4{max-width:70% !important}.stk-ff48fc4 .stk-block-text__text{font-size:12px !important}@media screen and (max-width:999px){.stk-ff48fc4 .stk-block-text__text{font-size:12px !important}}<\/style><p class=\"stk-block-text__text\"><\/p><\/div>\n<\/div><\/div><\/div>\n\n\n\n<div class=\"wp-block-stackable-column stk-block-column stk-column stk-block stk-470b0d3\" data-v=\"4\" data-block-id=\"470b0d3\"><style>.stk-470b0d3{align-self:center !important}@media screen and (min-width:690px){.stk-470b0d3{flex:1 1 calc(25% - var(--stk-column-gap,0px) * 1 \/ 2 ) !important}}<\/style><div class=\"stk-column-wrapper stk-block-column__content stk-container stk-470b0d3-container stk--no-background stk--no-padding\"><div class=\"stk-block-content stk-inner-blocks stk-470b0d3-inner-blocks\">\n<div class=\"wp-block-stackable-button-group stk-block-button-group stk-block stk-d965b13\" data-block-id=\"d965b13\"><div class=\"stk-row stk-inner-blocks stk-block-content stk-button-group\">\n<div class=\"wp-block-stackable-button stk-block-button stk-block stk-0975731\" data-block-id=\"0975731\"><style>.stk-0975731{align-items:center !important;display:flex !important}.stk-0975731 .stk-button{border-radius:50px !important}<\/style><a class=\"stk-link stk-button stk--hover-effect-darken\" href=\"https:\/\/agitproject.info\/wp-content\/uploads\/2023\/07\/Learning-materials-Slovakia_workshop-for-high-school-students-9th-May-2023.pdf\" target=\"_blank\" rel=\"noreferrer noopener\"><span class=\"stk-button__inner-text\">Viac\u2192<\/span><\/a><\/div>\n<\/div><\/div>\n<\/div><\/div><\/div>\n<\/div><\/div>\n\n\n\n<div class=\"wp-block-stackable-divider stk-block-divider stk-block stk-78bb4dd\" data-block-id=\"78bb4dd\"><style>.stk-78bb4dd{margin-bottom:0px !important}.stk-78bb4dd hr.stk-block-divider__hr{background:var(--theme-palette-color-4,#000000) !important;height:1px !important;width:96% !important}<\/style><hr class=\"stk-block-divider__hr\"\/><\/div>\n\n\n\n<div class=\"wp-block-stackable-columns stk-block-columns stk-block stk-63383a6\" data-block-id=\"63383a6\"><style>.stk-63383a6{margin-bottom:0px !important}<\/style><div class=\"stk-row stk-inner-blocks stk-block-content stk-content-align stk-63383a6-column\">\n<div class=\"wp-block-stackable-column stk-block-column stk-column stk-block stk-a20daa9\" data-v=\"4\" data-block-id=\"a20daa9\"><style>@media screen and (min-width:690px){.stk-a20daa9{flex:1 1 calc(75% - var(--stk-column-gap,0px) * 1 \/ 2 ) !important}}<\/style><div class=\"stk-column-wrapper stk-block-column__content stk-container stk-a20daa9-container stk--no-background stk--no-padding\"><div class=\"stk-block-content stk-inner-blocks stk-a20daa9-inner-blocks\">\n<div class=\"wp-block-stackable-heading stk-block-heading stk-block-heading--v2 stk-block stk-0947839\" id=\"strong-more-documents-will-be-uploaded-here-as-the-project-progresses-strong\" data-block-id=\"0947839\"><style>.stk-0947839{margin-bottom:0px !important}.stk-0947839 .stk-block-heading__text{color:var(--theme-palette-color-1,#00D085) !important}<\/style><h6 class=\"stk-block-heading__text has-text-color\"><strong>More documents will be\u00a0uploaded here as\u00a0the project progresses<\/strong><\/h6><\/div>\n\n\n\n<div class=\"wp-block-stackable-text stk-block-text stk-block stk-f6f19e6\" data-block-id=\"f6f19e6\"><style>.stk-f6f19e6 .stk-block-text__text{font-size:12px !important}@media screen and (max-width:999px){.stk-f6f19e6 .stk-block-text__text{font-size:12px !important}}<\/style><p class=\"stk-block-text__text\"><\/p><\/div>\n<\/div><\/div><\/div>\n\n\n\n<div class=\"wp-block-stackable-column stk-block-column stk-column stk-block stk-635602a\" data-v=\"4\" data-block-id=\"635602a\"><style>.stk-635602a{align-self:center !important}@media screen and (min-width:690px){.stk-635602a{flex:1 1 calc(25% - var(--stk-column-gap,0px) * 1 \/ 2 ) !important}}<\/style><div class=\"stk-column-wrapper stk-block-column__content stk-container stk-635602a-container stk--no-background stk--no-padding\"><div class=\"stk-block-content stk-inner-blocks stk-635602a-inner-blocks\">\n<div class=\"wp-block-stackable-button-group stk-block-button-group stk-block stk-5844dc6\" data-block-id=\"5844dc6\"><div class=\"stk-row stk-inner-blocks stk-block-content stk-button-group\">\n<div class=\"wp-block-stackable-button stk-block-button stk-block stk-d0998c5\" data-block-id=\"d0998c5\"><style>.stk-d0998c5{align-items:center !important;display:flex !important}.stk-d0998c5 .stk-button{border-radius:50px !important}<\/style><a class=\"stk-link stk-button stk--hover-effect-darken\" href=\"https:\/\/agitproject.info\/wp-content\/uploads\/2023\/07\/Learning-materials-Slovakia_workshop-for-high-school-students-9th-May-2023.pdf\" target=\"_blank\" rel=\"noreferrer noopener\"><span class=\"stk-button__inner-text\"> Viac\u2192<\/span><\/a><\/div>\n<\/div><\/div>\n<\/div><\/div><\/div>\n<\/div><\/div>\n\n\n\n<div class=\"wp-block-stackable-divider stk-block-divider stk-block stk-660e37b\" data-block-id=\"660e37b\"><style>.stk-660e37b{margin-bottom:0px !important}.stk-660e37b hr.stk-block-divider__hr{background:var(--theme-palette-color-4,#000000) !important;height:1px !important;width:96% !important}<\/style><hr class=\"stk-block-divider__hr\"\/><\/div>\n<\/div><\/div><\/div>\n<\/div><\/div>\n\n\n\n<div class=\"wp-block-stackable-spacer stk-block-spacer stk--no-padding stk-block stk-970a7dd\" data-block-id=\"970a7dd\"><style>.stk-970a7dd{height:100px !important}<\/style><\/div>\n","protected":false},"excerpt":{"rendered":"<p>Kni\u017enica dokumentov VPLYV \u013dUDSK\u00ddCH AKTIV\u00cdT NA PLAN\u00c9TU ZEM Viac\u2192 More documents will be\u00a0uploaded here as\u00a0the project progresses Viac\u2192<\/p>\n","protected":false},"author":1,"featured_media":0,"parent":1165,"menu_order":0,"comment_status":"closed","ping_status":"closed","template":"","meta":{"footnotes":""},"class_list":["post-1268","page","type-page","status-publish","hentry"],"blocksy_meta":{"vertical_spacing_source":"custom","content_area_spacing":"none"},"_links":{"self":[{"href":"https:\/\/agitproject.info\/index.php\/wp-json\/wp\/v2\/pages\/1268","targetHints":{"allow":["GET"]}}],"collection":[{"href":"https:\/\/agitproject.info\/index.php\/wp-json\/wp\/v2\/pages"}],"about":[{"href":"https:\/\/agitproject.info\/index.php\/wp-json\/wp\/v2\/types\/page"}],"author":[{"embeddable":true,"href":"https:\/\/agitproject.info\/index.php\/wp-json\/wp\/v2\/users\/1"}],"replies":[{"embeddable":true,"href":"https:\/\/agitproject.info\/index.php\/wp-json\/wp\/v2\/comments?post=1268"}],"version-history":[{"count":5,"href":"https:\/\/agitproject.info\/index.php\/wp-json\/wp\/v2\/pages\/1268\/revisions"}],"predecessor-version":[{"id":1575,"href":"https:\/\/agitproject.info\/index.php\/wp-json\/wp\/v2\/pages\/1268\/revisions\/1575"}],"up":[{"embeddable":true,"href":"https:\/\/agitproject.info\/index.php\/wp-json\/wp\/v2\/pages\/1165"}],"wp:attachment":[{"href":"https:\/\/agitproject.info\/index.php\/wp-json\/wp\/v2\/media?parent=1268"}],"curies":[{"name":"wp","href":"https:\/\/api.w.org\/{rel}","templated":true}]}}