{"id":1223,"date":"2023-06-02T11:45:27","date_gmt":"2023-06-02T09:45:27","guid":{"rendered":"https:\/\/agitproject.info\/?page_id=1223"},"modified":"2023-06-05T12:56:42","modified_gmt":"2023-06-05T10:56:42","slug":"1223-2","status":"publish","type":"page","link":"https:\/\/agitproject.info\/index.php\/hu\/agit-magyar\/1223-2\/","title":{"rendered":"Project info \u2013 Magyar"},"content":{"rendered":"\n<div class=\"wp-block-stackable-spacer stk-block-spacer stk--no-padding stk-block stk-ea1e5e7\" data-block-id=\"ea1e5e7\"><style>.stk-ea1e5e7{height:100px !important}<\/style><\/div>\n\n\n\n<div class=\"wp-block-stackable-columns aligncenter stk-block-columns stk-block stk-a5f4fa1\" data-block-id=\"a5f4fa1\"><style>.stk-a5f4fa1{padding-top:6px !important;padding-right:6px !important;padding-bottom:6px !important;padding-left:6px !important;margin-bottom:100px !important}<\/style><div class=\"stk-row stk-inner-blocks stk-block-content stk-content-align stk-a5f4fa1-column\">\n<div class=\"wp-block-stackable-column stk-block-column stk-column stk-block stk-3e6dfc9\" data-v=\"4\" data-block-id=\"3e6dfc9\"><div class=\"stk-column-wrapper stk-block-column__content stk-container stk-3e6dfc9-container stk--no-background stk--no-padding\"><div class=\"stk-block-content stk-inner-blocks stk-3e6dfc9-inner-blocks\">\n<div class=\"wp-block-stackable-heading stk-block-heading stk-block-heading--v2 stk-block stk-69ec4fb\" id=\"strong-projekt-osszefoglalo-strong\" data-block-id=\"69ec4fb\"><style>.stk-69ec4fb .stk-block-heading__text{font-size:120px !important;color:var(--theme-palette-color-1,#00D085) !important;font-weight:normal !important;text-transform:uppercase !important;font-style:normal !important;font-family:\"Lato\",Sans-serif !important}@media screen and (max-width:999px){.stk-69ec4fb .stk-block-heading__text{font-size:50px !important}}<\/style><h1 class=\"stk-block-heading__text has-text-color\"><strong>Projekt \u00f6sszefoglal\u00f3<\/strong><\/h1><\/div>\n<\/div><\/div><\/div>\n<\/div><\/div>\n\n\n\n<div class=\"wp-block-stackable-heading stk-block-heading stk-block-heading--v2 stk-block stk-d956343\" id=\"strong-projekt-osszefoglalo-strong\" data-block-id=\"d956343\"><style>.stk-d956343{padding-top:12px !important;padding-right:12px !important;padding-bottom:12px !important;padding-left:12px !important}<\/style><h2 class=\"stk-block-heading__text\"><strong>Projekt \u00f6sszefoglal\u00f3<\/strong><\/h2><\/div>\n\n\n\n<div class=\"wp-block-stackable-columns stk-block-columns stk-block stk-5177731\" data-block-id=\"5177731\"><style>.stk-5177731{margin-bottom:100px !important}<\/style><div class=\"stk-row stk-inner-blocks stk-block-content stk-content-align stk-5177731-column\">\n<div class=\"wp-block-stackable-column stk-block-column stk-column stk-block stk-38c2de9\" data-v=\"4\" data-block-id=\"38c2de9\"><div class=\"stk-column-wrapper stk-block-column__content stk-container stk-38c2de9-container stk--no-background stk--no-padding\"><div class=\"stk-block-content stk-inner-blocks stk-38c2de9-inner-blocks\">\n<p>Sz\u00e1mos tanulm\u00e1ny \u00e9s adat mutatja, hogy a k\u00f6z\u00e9p-eur\u00f3pai t\u00e1rsadalmakban (f\u0151leg a fiatalok k\u00f6r\u00e9ben) alacsony a kl\u00edmav\u00e1ltoz\u00e1ssal kapcsolatos tudatoss\u00e1g \u00e9s az eur\u00f3pai kl\u00edmapolitik\u00e1val kapcsolatos ismeretek. Az \u00e9ghajlattal kapcsolatos oktat\u00e1s Lengyelorsz\u00e1gban, Csehorsz\u00e1gban, Szlov\u00e1ki\u00e1ban \u00e9s Magyarorsz\u00e1gon gyakorlatilag nem l\u00e9tezik iskolai szinten, a fiatalok gyakran a k\u00f6z\u00f6ss\u00e9gi m\u00e9di\u00e1b\u00f3l \u00e9s az el\u00e9rhet\u0151 n\u00e9pszer\u0171 forr\u00e1sokb\u00f3l szerzik meg inform\u00e1ci\u00f3ikat. A projekt c\u00e9lja egy sz\u00e9lesk\u00f6r\u0171 k\u00e9pz\u00e9si program lebonyol\u00edt\u00e1sa a kl\u00edmav\u00e1ltoz\u00e1sr\u00f3l \u00e9s annak k\u00f6vetkezm\u00e9nyeir\u0151l, az Eur\u00f3pai Uni\u00f3 kl\u00edmapolitik\u00e1j\u00e1r\u00f3l, \u00e9s az egy\u00e9nek sz\u00e1m\u00e1ra rendelkez\u00e9s\u00e9re \u00e1ll\u00f3 jogi eszk\u00f6z\u00f6kr\u0151l, amelyekkel saj\u00e1t haz\u00e1jukban kik\u00e9nyszer\u00edthetik e politik\u00e1k v\u00e9grehajt\u00e1st. A kamp\u00e1ny iskolai \u00e9s egyetemi hallgat\u00f3kat, valamint k\u00f6rnyezetv\u00e9delmi \u00e9s kl\u00edmav\u00e9delmi civil szervezeteket c\u00e9loz meg. A tervezett rendezv\u00e9nyek gyakorlatias workshopok form\u00e1j\u00e1ban val\u00f3sulnak meg. A partnerszervezetek c\u00e9lja mintegy 3000 r\u00e9sztvev\u0151 el\u00e9r\u00e9se \u00e9s k\u00e9pz\u00e9se a r\u00e9gi\u00f3 n\u00e9gy orsz\u00e1g\u00e1ban. A projektet az \u00f6sszes r\u00e9sztvev\u0151 orsz\u00e1g civil szervezeteinek \u00e9s egyetemeinek h\u00e1l\u00f3zata val\u00f3s\u00edtja meg.<\/p>\n\n\n\n<p>Partnerszervezetek: Lengyel Z\u00f6ld H\u00e1l\u00f3zat (PL), Szil\u00e9ziai Egyetem (PL), Klimaticka \u017daloba (CZ), Masaryk Egyetem (CZ), Pozsonyi Comenius Egyetem (SK), Agr\u00e1r- \u00e9s K\u00f6rnyezetjog\u00e1szok Sz\u00f6vets\u00e9ge (SK), Magyar Term\u00e9szetv\u00e9d\u0151k Sz\u00f6vets\u00e9ge &#8211; F\u00f6ld Bar\u00e1tai Magyarorsz\u00e1g (HU)<\/p>\n<\/div><\/div><\/div>\n\n\n\n<div class=\"wp-block-stackable-column stk-block-column stk-column stk-block stk-5ee533a\" data-v=\"4\" data-block-id=\"5ee533a\"><div class=\"stk-column-wrapper stk-block-column__content stk-container stk-5ee533a-container stk--no-background stk--no-padding\"><div class=\"stk-block-content stk-inner-blocks stk-5ee533a-inner-blocks\">\n<div class=\"wp-block-stackable-image stk-block-image stk-block stk-3746bfd\" data-block-id=\"3746bfd\"><figure class=\"stk-img-wrapper stk-image--shape-stretch\"><img loading=\"lazy\" decoding=\"async\" class=\"stk-img wp-image-1135\" src=\"https:\/\/agitproject.info\/wp-content\/uploads\/2023\/05\/AGIT_wizualizacja_9-1.png\" width=\"1200\" height=\"900\" srcset=\"https:\/\/agitproject.info\/wp-content\/uploads\/2023\/05\/AGIT_wizualizacja_9-1.png 1200w, https:\/\/agitproject.info\/wp-content\/uploads\/2023\/05\/AGIT_wizualizacja_9-1-300x225.png 300w, https:\/\/agitproject.info\/wp-content\/uploads\/2023\/05\/AGIT_wizualizacja_9-1-1024x768.png 1024w, https:\/\/agitproject.info\/wp-content\/uploads\/2023\/05\/AGIT_wizualizacja_9-1-768x576.png 768w\" sizes=\"auto, (max-width: 1200px) 100vw, 1200px\" \/><\/figure><\/div>\n<\/div><\/div><\/div>\n<\/div><\/div>\n","protected":false},"excerpt":{"rendered":"<p>Projekt \u00f6sszefoglal\u00f3 Projekt \u00f6sszefoglal\u00f3 Sz\u00e1mos tanulm\u00e1ny \u00e9s adat mutatja, hogy a k\u00f6z\u00e9p-eur\u00f3pai t\u00e1rsadalmakban (f\u0151leg a fiatalok k\u00f6r\u00e9ben) alacsony a kl\u00edmav\u00e1ltoz\u00e1ssal kapcsolatos tudatoss\u00e1g \u00e9s az eur\u00f3pai kl\u00edmapolitik\u00e1val kapcsolatos ismeretek. Az \u00e9ghajlattal kapcsolatos oktat\u00e1s Lengyelorsz\u00e1gban, Csehorsz\u00e1gban, Szlov\u00e1ki\u00e1ban \u00e9s Magyarorsz\u00e1gon gyakorlatilag nem l\u00e9tezik iskolai szinten, a fiatalok gyakran a k\u00f6z\u00f6ss\u00e9gi m\u00e9di\u00e1b\u00f3l \u00e9s az el\u00e9rhet\u0151 n\u00e9pszer\u0171 forr\u00e1sokb\u00f3l szerzik meg [&hellip;]<\/p>\n","protected":false},"author":1,"featured_media":0,"parent":1167,"menu_order":0,"comment_status":"closed","ping_status":"closed","template":"","meta":{"footnotes":""},"class_list":["post-1223","page","type-page","status-publish","hentry"],"blocksy_meta":{"vertical_spacing_source":"custom","content_area_spacing":"none"},"_links":{"self":[{"href":"https:\/\/agitproject.info\/index.php\/wp-json\/wp\/v2\/pages\/1223","targetHints":{"allow":["GET"]}}],"collection":[{"href":"https:\/\/agitproject.info\/index.php\/wp-json\/wp\/v2\/pages"}],"about":[{"href":"https:\/\/agitproject.info\/index.php\/wp-json\/wp\/v2\/types\/page"}],"author":[{"embeddable":true,"href":"https:\/\/agitproject.info\/index.php\/wp-json\/wp\/v2\/users\/1"}],"replies":[{"embeddable":true,"href":"https:\/\/agitproject.info\/index.php\/wp-json\/wp\/v2\/comments?post=1223"}],"version-history":[{"count":8,"href":"https:\/\/agitproject.info\/index.php\/wp-json\/wp\/v2\/pages\/1223\/revisions"}],"predecessor-version":[{"id":1496,"href":"https:\/\/agitproject.info\/index.php\/wp-json\/wp\/v2\/pages\/1223\/revisions\/1496"}],"up":[{"embeddable":true,"href":"https:\/\/agitproject.info\/index.php\/wp-json\/wp\/v2\/pages\/1167"}],"wp:attachment":[{"href":"https:\/\/agitproject.info\/index.php\/wp-json\/wp\/v2\/media?parent=1223"}],"curies":[{"name":"wp","href":"https:\/\/api.w.org\/{rel}","templated":true}]}}