{"id":1221,"date":"2023-06-02T11:45:15","date_gmt":"2023-06-02T09:45:15","guid":{"rendered":"https:\/\/agitproject.info\/?page_id=1221"},"modified":"2023-06-05T13:00:47","modified_gmt":"2023-06-05T11:00:47","slug":"1221-2","status":"publish","type":"page","link":"https:\/\/agitproject.info\/index.php\/sk\/agit-slovencina\/1221-2\/","title":{"rendered":"Project info \u2013 Sloven\u010dina"},"content":{"rendered":"\n<div class=\"wp-block-stackable-spacer stk-block-spacer stk--no-padding stk-block stk-ea1e5e7\" data-block-id=\"ea1e5e7\"><style>.stk-ea1e5e7{height:100px !important}<\/style><\/div>\n\n\n\n<div class=\"wp-block-stackable-columns aligncenter stk-block-columns stk-block stk-a5f4fa1\" data-block-id=\"a5f4fa1\"><style>.stk-a5f4fa1{padding-top:6px !important;padding-right:6px !important;padding-bottom:6px !important;padding-left:6px !important;margin-bottom:100px !important}<\/style><div class=\"stk-row stk-inner-blocks stk-block-content stk-content-align stk-a5f4fa1-column\">\n<div class=\"wp-block-stackable-column stk-block-column stk-column stk-block stk-3e6dfc9\" data-v=\"4\" data-block-id=\"3e6dfc9\"><div class=\"stk-column-wrapper stk-block-column__content stk-container stk-3e6dfc9-container stk--no-background stk--no-padding\"><div class=\"stk-block-content stk-inner-blocks stk-3e6dfc9-inner-blocks\">\n<div class=\"wp-block-stackable-heading stk-block-heading stk-block-heading--v2 stk-block stk-69ec4fb\" id=\"strong-o-projekte-strong\" data-block-id=\"69ec4fb\"><style>.stk-69ec4fb .stk-block-heading__text{font-size:120px !important;color:var(--theme-palette-color-1,#00D085) !important;font-weight:normal !important;text-transform:uppercase !important;font-style:normal !important;font-family:\"Lato\",Sans-serif !important}@media screen and (max-width:999px){.stk-69ec4fb .stk-block-heading__text{font-size:50px !important}}<\/style><h1 class=\"stk-block-heading__text has-text-color\"><strong>O projekte<\/strong><\/h1><\/div>\n<\/div><\/div><\/div>\n<\/div><\/div>\n\n\n\n<div class=\"wp-block-stackable-heading stk-block-heading stk-block-heading--v2 stk-block stk-d956343\" id=\"strong-zhrnutie-projektu-strong\" data-block-id=\"d956343\"><style>.stk-d956343{padding-top:12px !important;padding-right:12px !important;padding-bottom:12px !important;padding-left:12px !important}<\/style><h2 class=\"stk-block-heading__text\"><strong>Zhrnutie projektu<\/strong><\/h2><\/div>\n\n\n\n<div class=\"wp-block-stackable-columns stk-block-columns stk-block stk-5177731\" data-block-id=\"5177731\"><style>.stk-5177731{margin-bottom:100px !important}<\/style><div class=\"stk-row stk-inner-blocks stk-block-content stk-content-align stk-5177731-column\">\n<div class=\"wp-block-stackable-column stk-block-column stk-column stk-block stk-38c2de9\" data-v=\"4\" data-block-id=\"38c2de9\"><div class=\"stk-column-wrapper stk-block-column__content stk-container stk-38c2de9-container stk--no-background stk--no-padding\"><div class=\"stk-block-content stk-inner-blocks stk-38c2de9-inner-blocks\">\n<p>Po\u010detn\u00e9 \u0161t\u00fadie a \u00fadaje ukazuj\u00fa, \u017ee povedomie o zmene kl\u00edmy a znalosti o klimatickej politike E\u00da s\u00fa v stredoeur\u00f3pskej spolo\u010dnosti nedostato\u010dn\u00e9 (najm\u00e4 medzi mlad\u00fdmi \u013eu\u010fmi). Klimatick\u00e9 vzdel\u00e1vanie v Po\u013esku, \u010ceskej republike, na Slovensku a v Ma\u010farsku na \u00farovni \u0161k\u00f4l prakticky neexistuje a mlad\u00ed \u013eudia \u010dasto z\u00edskavaj\u00fa inform\u00e1cie zo soci\u00e1lnych m\u00e9di\u00ed a\u00a0z dostupn\u00fdch popul\u00e1rnych informa\u010dn\u00fdch zdrojov. Tento projekt sa zameriava na rozsiahlu vzdel\u00e1vaciu kampa\u0148 o zmene kl\u00edmy a\u00a0o jej d\u00f4sledkoch, ako aj na vzdel\u00e1vanie v\u00a0oblasti klimatickej politiky E\u00da a n\u00e1strojov, ktor\u00e9 maj\u00fa jednotlivci pre \u00fa\u010dely po\u017eadovania implement\u00e1cie tejto politiky na n\u00e1rodnej \u00farovni. Vzdel\u00e1vanie je zameran\u00e9 na \u0161tudentov stredn\u00fdch \u0161k\u00f4l a vysok\u00fdch \u0161k\u00f4l, ako aj na environment\u00e1lne a klimatick\u00e9 mimovl\u00e1dne organiz\u00e1cie. Pl\u00e1novan\u00e9 podujatia maj\u00fa formu praktick\u00fdch workshopov. Cie\u013eom partnersk\u00fdch organiz\u00e1ci\u00ed je oslovi\u0165 a poskytn\u00fa\u0165 \u0161kolenie pribli\u017ene 3 000 \u00fa\u010dastn\u00edkom v \u0161tyroch krajin\u00e1ch.\u00a0\u00a0Projekt realizuje sie\u0165 mimovl\u00e1dnych organiz\u00e1ci\u00ed a univerz\u00edt zo v\u0161etk\u00fdch 4\u00a0\u00a0z\u00fa\u010dastnen\u00fdch kraj\u00edn.<\/p>\n\n\n\n<p>Partnersk\u00e9 organiz\u00e1cie: Polish Green Network (PL), University of Silesia (PL), Klimaticka \u017daloba (CZ), Masarykova univerzita (CZ), Univerzita Komensk\u00e9ho v Bratislave (SK), Asoci\u00e1cia agr\u00e1rnych a environment\u00e1lnych pr\u00e1vnikov (SK), Friends of the Earth Hungary (HU)<\/p>\n<\/div><\/div><\/div>\n\n\n\n<div class=\"wp-block-stackable-column stk-block-column stk-column stk-block stk-5ee533a\" data-v=\"4\" data-block-id=\"5ee533a\"><div class=\"stk-column-wrapper stk-block-column__content stk-container stk-5ee533a-container stk--no-background stk--no-padding\"><div class=\"stk-block-content stk-inner-blocks stk-5ee533a-inner-blocks\">\n<div class=\"wp-block-stackable-image stk-block-image stk-block stk-3746bfd\" data-block-id=\"3746bfd\"><figure class=\"stk-img-wrapper stk-image--shape-stretch\"><img loading=\"lazy\" decoding=\"async\" class=\"stk-img wp-image-1135\" src=\"https:\/\/agitproject.info\/wp-content\/uploads\/2023\/05\/AGIT_wizualizacja_9-1.png\" width=\"1200\" height=\"900\" srcset=\"https:\/\/agitproject.info\/wp-content\/uploads\/2023\/05\/AGIT_wizualizacja_9-1.png 1200w, https:\/\/agitproject.info\/wp-content\/uploads\/2023\/05\/AGIT_wizualizacja_9-1-300x225.png 300w, https:\/\/agitproject.info\/wp-content\/uploads\/2023\/05\/AGIT_wizualizacja_9-1-1024x768.png 1024w, https:\/\/agitproject.info\/wp-content\/uploads\/2023\/05\/AGIT_wizualizacja_9-1-768x576.png 768w\" sizes=\"auto, (max-width: 1200px) 100vw, 1200px\" \/><\/figure><\/div>\n<\/div><\/div><\/div>\n<\/div><\/div>\n","protected":false},"excerpt":{"rendered":"<p>O projekte Zhrnutie projektu Po\u010detn\u00e9 \u0161t\u00fadie a \u00fadaje ukazuj\u00fa, \u017ee povedomie o zmene kl\u00edmy a znalosti o klimatickej politike E\u00da s\u00fa v stredoeur\u00f3pskej spolo\u010dnosti nedostato\u010dn\u00e9 (najm\u00e4 medzi mlad\u00fdmi \u013eu\u010fmi). Klimatick\u00e9 vzdel\u00e1vanie v Po\u013esku, \u010ceskej republike, na Slovensku a v Ma\u010farsku na \u00farovni \u0161k\u00f4l prakticky neexistuje a mlad\u00ed \u013eudia \u010dasto z\u00edskavaj\u00fa inform\u00e1cie zo soci\u00e1lnych m\u00e9di\u00ed a\u00a0z [&hellip;]<\/p>\n","protected":false},"author":1,"featured_media":0,"parent":1165,"menu_order":0,"comment_status":"closed","ping_status":"closed","template":"","meta":{"footnotes":""},"class_list":["post-1221","page","type-page","status-publish","hentry"],"blocksy_meta":{"vertical_spacing_source":"custom","content_area_spacing":"none"},"_links":{"self":[{"href":"https:\/\/agitproject.info\/index.php\/wp-json\/wp\/v2\/pages\/1221","targetHints":{"allow":["GET"]}}],"collection":[{"href":"https:\/\/agitproject.info\/index.php\/wp-json\/wp\/v2\/pages"}],"about":[{"href":"https:\/\/agitproject.info\/index.php\/wp-json\/wp\/v2\/types\/page"}],"author":[{"embeddable":true,"href":"https:\/\/agitproject.info\/index.php\/wp-json\/wp\/v2\/users\/1"}],"replies":[{"embeddable":true,"href":"https:\/\/agitproject.info\/index.php\/wp-json\/wp\/v2\/comments?post=1221"}],"version-history":[{"count":7,"href":"https:\/\/agitproject.info\/index.php\/wp-json\/wp\/v2\/pages\/1221\/revisions"}],"predecessor-version":[{"id":1499,"href":"https:\/\/agitproject.info\/index.php\/wp-json\/wp\/v2\/pages\/1221\/revisions\/1499"}],"up":[{"embeddable":true,"href":"https:\/\/agitproject.info\/index.php\/wp-json\/wp\/v2\/pages\/1165"}],"wp:attachment":[{"href":"https:\/\/agitproject.info\/index.php\/wp-json\/wp\/v2\/media?parent=1221"}],"curies":[{"name":"wp","href":"https:\/\/api.w.org\/{rel}","templated":true}]}}