{"id":1167,"date":"2023-05-30T14:13:39","date_gmt":"2023-05-30T12:13:39","guid":{"rendered":"https:\/\/agitproject.info\/index.php\/agit-magyar\/"},"modified":"2023-10-20T13:46:47","modified_gmt":"2023-10-20T11:46:47","slug":"agit-magyar","status":"publish","type":"page","link":"https:\/\/agitproject.info\/index.php\/hu\/agit-magyar\/","title":{"rendered":"AGIT &#8211; Magyar"},"content":{"rendered":"\n<div class=\"wp-block-stackable-columns alignfull stk-block-columns stk-block stk-32af6c6 stk-block-background stk--has-background-overlay\" data-block-id=\"32af6c6\"><style>.stk-32af6c6{background-image:url(https:\/\/agitproject.info\/wp-content\/uploads\/2023\/03\/AGIT_hero-scaled.jpg) !important;min-height:100vh !important;align-items:flex-end !important;margin-bottom:-1px !important;display:flex !important}<\/style><div class=\"stk-row stk-inner-blocks stk-block-content stk-content-align stk-32af6c6-column alignfull\">\n<div class=\"wp-block-stackable-column stk-block-column stk-column stk-block stk-edd5aa3\" data-v=\"4\" data-block-id=\"edd5aa3\"><style>.stk-edd5aa3{padding-top:0px !important;padding-right:0px !important;padding-bottom:0px !important;padding-left:0px !important}<\/style><div class=\"stk-column-wrapper stk-block-column__content stk-container stk-edd5aa3-container stk--no-background stk--no-padding\"><div class=\"stk-block-content stk-inner-blocks stk-edd5aa3-inner-blocks\"><\/div><\/div><\/div>\n<\/div><\/div>\n\n\n\n<div class=\"wp-block-stackable-columns alignfull stk-block-columns stk-block stk-0856d5a stk-block-background\" id=\"projekt-info\" data-block-id=\"0856d5a\"><style>.stk-0856d5a .stk--block-align-0856d5a{align-items:center !important}.stk-0856d5a{background-color:var(--theme-palette-color-2,#95DE43) !important;min-height:50vh !important;align-items:center !important;padding-top:50px !important;padding-bottom:70px !important;margin-bottom:1px !important;display:flex !important}.stk-0856d5a:before{background-color:var(--theme-palette-color-2,#95DE43) !important}<\/style><div class=\"stk-row stk-inner-blocks stk--block-align-0856d5a stk-block-content stk-content-align stk-0856d5a-column alignfull\">\n<div class=\"wp-block-stackable-column stk-block-column stk-column stk-block stk-b97a62f\" data-v=\"4\" data-block-id=\"b97a62f\"><div class=\"stk-column-wrapper stk-block-column__content stk-container stk-b97a62f-container stk--no-background stk--no-padding\"><div class=\"stk-block-content stk-inner-blocks stk-b97a62f-inner-blocks\">\n<div class=\"wp-block-stackable-image stk-block-image stk-block stk-8d81974\" data-block-id=\"8d81974\"><style>.stk-8d81974 .stk-img-wrapper{width:300px !important;height:100% !important}<\/style><figure class=\"stk-img-wrapper stk-image--shape-stretch\"><img loading=\"lazy\" decoding=\"async\" class=\"stk-img wp-image-922\" src=\"https:\/\/agitproject.info\/wp-content\/uploads\/2023\/03\/agitwhite.svg\" width=\"300\" height=\"100\"\/><\/figure><\/div>\n\n\n\n<div class=\"wp-block-stackable-text stk-block-text stk-block stk-c9a1cc4\" data-block-id=\"c9a1cc4\"><style>.stk-c9a1cc4 .stk-block-text__text{font-size:40px !important;font-weight:bold !important}@media screen and (max-width:999px){.stk-c9a1cc4 .stk-block-text__text{font-size:40px !important}}<\/style><p class=\"stk-block-text__text has-text-align-center\"><span style=\"color: var(--theme-palette-color-8, #ffffff);\" class=\"stk-highlight\">K\u00f6rnyezeti nevel\u00e9s, szab\u00e1lyoz\u00e1s \u00e9s peres elj\u00e1r\u00e1sok K\u00f6z\u00e9p-Eur\u00f3p\u00e1ban<\/span><\/p><\/div>\n\n\n\n<div class=\"wp-block-stackable-button-group stk-block-button-group stk-block stk-532b5c0\" data-block-id=\"532b5c0\"><div class=\"stk-row stk-inner-blocks has-text-align-center stk-block-content stk-button-group\">\n<div class=\"wp-block-stackable-button stk-block-button has-text-align-center stk-block stk-457358a\" data-block-id=\"457358a\"><style>.stk-457358a .stk-button{min-height:0px !important;padding-top:0px !important;padding-bottom:0px !important;border-radius:50px !important}.stk-457358a .stk-button__inner-text{font-size:30px !important}@media screen and (max-width:999px){.stk-457358a .stk-button__inner-text{font-size:30px !important}}<\/style><a class=\"stk-link stk-button stk--hover-effect-darken\" href=\"https:\/\/agitproject.info\/index.php\/hu\/agit-magyar\/1223-2\/\"><span class=\"stk-button__inner-text\"><strong>Tov\u00e1bb<\/strong><\/span><\/a><\/div>\n<\/div><\/div>\n<\/div><\/div><\/div>\n<\/div><\/div>\n\n\n\n<div class=\"wp-block-stackable-columns alignfull stk-block-columns stk-block stk-47a12e7\" id=\"events\" data-block-id=\"47a12e7\"><style>.stk-47a12e7{margin-bottom:0px !important}<\/style><div class=\"stk-row stk-inner-blocks stk-block-content stk-content-align stk-47a12e7-column alignfull\">\n<div class=\"wp-block-stackable-column stk-block-column stk-column stk-block stk-7e01c7c\" data-v=\"4\" data-block-id=\"7e01c7c\"><div class=\"stk-column-wrapper stk-block-column__content stk-container stk-7e01c7c-container stk--no-background stk--no-padding\"><div class=\"stk-block-content stk-inner-blocks stk-7e01c7c-inner-blocks\">\n<div class=\"wp-block-stackable-heading stk-block-heading stk-block-heading--v2 stk-block stk-978a309 stk-block-background\" id=\"esemenyek\" data-block-id=\"978a309\"><style>.stk-978a309{background-color:var(--theme-palette-color-8,#ffffff) !important;padding-top:50px !important;padding-bottom:50px !important}.stk-978a309:before{background-color:var(--theme-palette-color-8,#ffffff) !important}.stk-978a309 .stk-block-heading__text{font-size:80px !important}@media screen and (max-width:999px){.stk-978a309 .stk-block-heading__text{font-size:50px !important}}<\/style><h2 class=\"stk-block-heading__text has-text-align-center\">ESEM\u00c9NYEK<\/h2><\/div>\n<\/div><\/div><\/div>\n<\/div><\/div>\n\n\n\n<div class=\"wp-block-stackable-columns alignfull stk-block-columns stk-block stk-88a890d\" data-block-id=\"88a890d\"><style>.stk-88a890d{min-height:60vh !important;align-items:center !important;padding-top:50px !important;padding-bottom:50px !important;margin-bottom:0px !important;display:flex !important}<\/style><div class=\"stk-row stk-inner-blocks stk-block-content stk-content-align stk-88a890d-column alignfull\">\n<div class=\"wp-block-stackable-column stk-block-column stk-column stk-block stk-0bd69e7\" data-v=\"4\" data-block-id=\"0bd69e7\"><div class=\"stk-column-wrapper stk-block-column__content stk-container stk-0bd69e7-container stk--no-background stk--no-padding\"><div class=\"stk-block-content stk-inner-blocks stk-0bd69e7-inner-blocks\">\n<div class=\"wp-block-stackable-columns stk-block-columns stk-block stk-7034c7f\" data-block-id=\"7034c7f\"><div class=\"stk-row stk-inner-blocks stk-block-content stk-content-align stk-7034c7f-column\">\n<div class=\"wp-block-stackable-column stk-block-column stk-column stk-block stk-0d10b05 stk-block-background\" data-v=\"4\" data-block-id=\"0d10b05\"><style>.stk-0d10b05{background-color:color-mix(in srgb,var(--theme-palette-color-1,#00D085) 20%,transparent) !important;border-radius:50px !important;overflow:hidden !important;margin-top:1% !important;margin-right:1% !important;margin-bottom:1% !important;margin-left:1% !important}.stk-0d10b05:before{background-color:color-mix(in srgb,var(--theme-palette-color-1,#00D085) 20%,transparent) !important}<\/style><div class=\"stk-column-wrapper stk-block-column__content stk-container stk-0d10b05-container stk--no-background stk--no-padding\"><div class=\"stk-block-content stk-inner-blocks stk-0d10b05-inner-blocks\">\n<div class=\"wp-block-stackable-image stk-block-image stk-block stk-2427855 czechrepublic\" data-block-id=\"2427855\"><a class=\"stk-link stk-img-wrapper stk-image--shape-stretch\" href=\"https:\/\/agitproject.info\/index.php\/category\/events\/czech-republic\/\"><img loading=\"lazy\" decoding=\"async\" class=\"stk-img wp-image-754\" src=\"https:\/\/agitproject.info\/wp-content\/uploads\/2023\/03\/Mapa_Czechy-2.svg\" width=\"150\" height=\"300\"\/><\/a><\/div>\n\n\n\n<div class=\"wp-block-stackable-text stk-block-text stk-block stk-cae7890\" data-block-id=\"cae7890\"><style>.stk-cae7890 .stk-block-text__text{color:var(--theme-palette-color-1,#00D085) !important}<\/style><p class=\"stk-block-text__text has-text-color has-text-align-center\"><strong>Csehorsz\u00e1g<\/strong><\/p><\/div>\n<\/div><\/div><\/div>\n\n\n\n<div class=\"wp-block-stackable-column stk-block-column stk-column stk-block stk-745b1f5 stk-block-background\" data-v=\"4\" data-block-id=\"745b1f5\"><style>.stk-745b1f5{background-color:color-mix(in srgb,var(--theme-palette-color-1,#00D085) 20%,transparent) !important;border-radius:50px !important;overflow:hidden !important;margin-top:1% !important;margin-right:1% !important;margin-bottom:1% !important;margin-left:1% !important}.stk-745b1f5:before{background-color:color-mix(in srgb,var(--theme-palette-color-1,#00D085) 20%,transparent) !important}<\/style><div class=\"stk-column-wrapper stk-block-column__content stk-container stk-745b1f5-container stk--no-background stk--no-padding\"><div class=\"stk-block-content stk-inner-blocks stk-745b1f5-inner-blocks\">\n<div class=\"wp-block-stackable-image stk-block-image stk-block stk-693d028 poland\" data-block-id=\"693d028\"><a class=\"stk-link stk-img-wrapper stk-image--shape-stretch\" href=\"https:\/\/agitproject.info\/index.php\/category\/events\/poland\/\"><img loading=\"lazy\" decoding=\"async\" class=\"stk-img wp-image-748\" src=\"https:\/\/agitproject.info\/wp-content\/uploads\/2023\/03\/Mapa_Polska_Hel.svg\" width=\"150\" height=\"300\"\/><\/a><\/div>\n\n\n\n<div class=\"wp-block-stackable-text stk-block-text stk-block stk-dc30167\" data-block-id=\"dc30167\"><style>.stk-dc30167 .stk-block-text__text{color:var(--theme-palette-color-1,#00D085) !important}<\/style><p class=\"stk-block-text__text has-text-color has-text-align-center\"><strong>Lengyelorsz\u00e1g<\/strong><\/p><\/div>\n<\/div><\/div><\/div>\n\n\n\n<div class=\"wp-block-stackable-column stk-block-column stk-column stk-block stk-894e393 stk-block-background\" data-v=\"4\" data-block-id=\"894e393\"><style>.stk-894e393{background-color:color-mix(in srgb,var(--theme-palette-color-1,#00D085) 20%,transparent) !important;border-radius:50px !important;overflow:hidden !important;margin-top:1% !important;margin-right:1% !important;margin-bottom:1% !important;margin-left:1% !important}.stk-894e393:before{background-color:color-mix(in srgb,var(--theme-palette-color-1,#00D085) 20%,transparent) !important}<\/style><div class=\"stk-column-wrapper stk-block-column__content stk-container stk-894e393-container stk--no-background stk--no-padding\"><div class=\"stk-block-content stk-inner-blocks stk-894e393-inner-blocks\">\n<div class=\"wp-block-stackable-image stk-block-image stk-block stk-8913e50 slovakia\" data-block-id=\"8913e50\"><a class=\"stk-link stk-img-wrapper stk-image--shape-stretch\" href=\"https:\/\/agitproject.info\/index.php\/category\/events\/slovakia\/\"><img loading=\"lazy\" decoding=\"async\" class=\"stk-img wp-image-753\" src=\"https:\/\/agitproject.info\/wp-content\/uploads\/2023\/03\/Mapa_Slowacja-2.svg\" width=\"150\" height=\"300\"\/><\/a><\/div>\n\n\n\n<div class=\"wp-block-stackable-text stk-block-text stk-block stk-23dc889\" data-block-id=\"23dc889\"><style>.stk-23dc889 .stk-block-text__text{color:var(--theme-palette-color-1,#00D085) !important}<\/style><p class=\"stk-block-text__text has-text-color has-text-align-center\"><strong>Szlov\u00e1kia<\/strong><\/p><\/div>\n<\/div><\/div><\/div>\n\n\n\n<div class=\"wp-block-stackable-column stk-block-column stk-column stk-block stk-b25ef55 stk-block-background\" data-v=\"4\" data-block-id=\"b25ef55\"><style>.stk-b25ef55{background-color:color-mix(in srgb,var(--theme-palette-color-1,#00D085) 20%,transparent) !important;border-radius:50px !important;overflow:hidden !important;margin-top:1% !important;margin-right:1% !important;margin-bottom:1% !important;margin-left:1% !important}.stk-b25ef55:before{background-color:color-mix(in srgb,var(--theme-palette-color-1,#00D085) 20%,transparent) !important}<\/style><div class=\"stk-column-wrapper stk-block-column__content stk-container stk-b25ef55-container stk--no-background stk--no-padding\"><div class=\"stk-block-content stk-inner-blocks stk-b25ef55-inner-blocks\">\n<div class=\"wp-block-stackable-image stk-block-image stk-block stk-7b9979c hungary\" data-block-id=\"7b9979c\"><a class=\"stk-link stk-img-wrapper stk-image--shape-stretch\" href=\"https:\/\/agitproject.info\/index.php\/category\/events\/hungary\/\"><img loading=\"lazy\" decoding=\"async\" class=\"stk-img wp-image-752\" src=\"https:\/\/agitproject.info\/wp-content\/uploads\/2023\/03\/Mapa_Wegry-2.svg\" width=\"150\" height=\"300\"\/><\/a><\/div>\n\n\n\n<div class=\"wp-block-stackable-text stk-block-text stk-block stk-2b72893\" data-block-id=\"2b72893\"><style>.stk-2b72893 .stk-block-text__text{color:var(--theme-palette-color-1,#00D085) !important}<\/style><p class=\"stk-block-text__text has-text-color has-text-align-center\"><strong>Magyarorsz\u00e1g<\/strong><\/p><\/div>\n<\/div><\/div><\/div>\n\n\n\n<div class=\"wp-block-stackable-column stk-block-column stk-column stk-block stk-54dc220 stk-block-background\" data-v=\"4\" data-block-id=\"54dc220\"><style>.stk-54dc220-inner-blocks{justify-content:center !important}.stk-54dc220{background-color:var(--theme-palette-color-1,#00D085) !important;border-radius:50px !important;overflow:hidden !important;margin-top:1% !important;margin-right:1% !important;margin-bottom:1% !important;margin-left:1% !important}.stk-54dc220:before{background-color:var(--theme-palette-color-1,#00D085) !important}<\/style><div class=\"stk-column-wrapper stk-block-column__content stk-container stk-54dc220-container stk--no-background stk--no-padding\"><div class=\"stk--column-flex stk-block-content stk-inner-blocks stk-54dc220-inner-blocks\">\n<div class=\"wp-block-stackable-heading stk-block-heading stk-block-heading--v2 stk-block stk-0eecfd1\" id=\"mutasd-az-osszes-esemenyt\" data-block-id=\"0eecfd1\"><style>.stk-0eecfd1 .stk-block-heading__text{color:var(--theme-palette-color-8,#ffffff) !important;font-weight:bold !important;font-family:\"Lato\",Sans-serif !important}<\/style><h4 class=\"stk-block-heading__text has-text-color\">MUTASD AZ \u00d6SSZES ESEM\u00c9NYT<\/h4><\/div>\n<\/div><a class=\"stk-link stk-block-link stk--transparent-overlay\" href=\"https:\/\/agitproject.info\/index.php\/category\/events\/\" aria-hidden=\"true\" tabindex=\"-1\"><\/a><\/div><\/div>\n<\/div><\/div>\n<\/div><\/div><\/div>\n<\/div><\/div>\n\n\n\n<div class=\"wp-block-stackable-columns alignfull stk-block-columns stk-block stk-3bda931\" id=\"film-competition\" data-block-id=\"3bda931\"><style>.stk-3bda931{margin-bottom:0px !important}<\/style><div class=\"stk-row stk-inner-blocks stk-block-content stk-content-align stk-3bda931-column alignfull\">\n<div class=\"wp-block-stackable-column stk-block-column stk-column stk-block stk-a216814\" data-v=\"4\" data-block-id=\"a216814\"><div class=\"stk-column-wrapper stk-block-column__content stk-container stk-a216814-container stk--no-background stk--no-padding\"><div class=\"stk-block-content stk-inner-blocks stk-a216814-inner-blocks\">\n<div class=\"wp-block-stackable-heading stk-block-heading stk-block-heading--v2 stk-block stk-d7ad5d4 stk-block-background\" id=\"filmek-versenye\" data-block-id=\"d7ad5d4\"><style>.stk-d7ad5d4{background-color:var(--theme-palette-color-2,#95DE43) !important;padding-top:50px !important;padding-bottom:50px !important}.stk-d7ad5d4:before{background-color:var(--theme-palette-color-2,#95DE43) !important}.stk-d7ad5d4 .stk-block-heading__text{font-size:80px !important}@media screen and (max-width:999px){.stk-d7ad5d4 .stk-block-heading__text{font-size:50px !important}}<\/style><h2 class=\"stk-block-heading__text has-text-align-center\">FILMEK VERSENYE<\/h2><\/div>\n<\/div><\/div><\/div>\n<\/div><\/div>\n\n\n\n<div class=\"wp-block-stackable-columns alignfull stk-block-columns stk-block stk-8db9434\" data-block-id=\"8db9434\"><style>.stk-8db9434{align-items:center !important;margin-bottom:0px !important;display:flex !important}<\/style><div class=\"stk-row stk-inner-blocks stk-block-content stk-content-align stk-8db9434-column alignfull\">\n<div class=\"wp-block-stackable-column stk-block-column stk-column stk-block stk-4a21c5f\" data-v=\"4\" data-block-id=\"4a21c5f\"><div class=\"stk-column-wrapper stk-block-column__content stk-container stk-4a21c5f-container stk--no-background stk--no-padding\"><div class=\"stk-block-content stk-inner-blocks stk-4a21c5f-inner-blocks\">\n<div class=\"wp-block-stackable-image stk-block-image stk-block stk-f4d8a4b\" data-block-id=\"f4d8a4b\"><figure class=\"stk-img-wrapper stk-image--shape-stretch\"><img loading=\"lazy\" decoding=\"async\" class=\"stk-img wp-image-758\" src=\"https:\/\/agitproject.info\/wp-content\/uploads\/2023\/03\/film.png\" width=\"1080\" height=\"347\" srcset=\"https:\/\/agitproject.info\/wp-content\/uploads\/2023\/03\/film.png 1080w, https:\/\/agitproject.info\/wp-content\/uploads\/2023\/03\/film-300x96.png 300w, https:\/\/agitproject.info\/wp-content\/uploads\/2023\/03\/film-1024x329.png 1024w, https:\/\/agitproject.info\/wp-content\/uploads\/2023\/03\/film-768x247.png 768w\" sizes=\"auto, (max-width: 1080px) 100vw, 1080px\" \/><\/figure><\/div>\n<\/div><\/div><\/div>\n<\/div><\/div>\n\n\n\n<div class=\"wp-block-stackable-button-group alignfull stk-block-button-group stk-block stk-17493c8 stk-block-background\" data-block-id=\"17493c8\"><style>.stk-17493c8{background-color:var(--theme-palette-color-2,#95DE43) !important}.stk-17493c8:before{background-color:var(--theme-palette-color-2,#95DE43) !important}<\/style><div class=\"stk-row stk-inner-blocks has-text-align-center stk-block-content stk-button-group\">\n<div class=\"wp-block-stackable-button stk-block-button has-text-align-center stk-block stk-7d72970\" data-block-id=\"7d72970\"><style>.stk-7d72970 .stk-button{min-height:0px !important;padding-top:0px !important;padding-bottom:0px !important;border-top-left-radius:50px !important;border-top-right-radius:50px !important;border-bottom-right-radius:50px !important;border-bottom-left-radius:50px !important}.stk-7d72970 .stk-button__inner-text{font-size:30px !important}@media screen and (max-width:999px){.stk-7d72970 .stk-button__inner-text{font-size:30px !important}}<\/style><a class=\"stk-link stk-button stk--hover-effect-darken\" href=\"https:\/\/agitproject.info\/index.php\/hu\/agit-magyar\/film-competition-2\/\"><span class=\"stk-button__inner-text\"><strong>Olvass tov\u00e1bb<\/strong><\/span><\/a><\/div>\n<\/div><\/div>\n\n\n\n<div class=\"wp-block-stackable-columns alignfull stk-block-columns stk-block stk-862393a stk-block-background stk--has-background-overlay\" id=\"documents-library\" data-block-id=\"862393a\"><style>.stk-862393a{background-image:url(https:\/\/agitproject.info\/wp-content\/uploads\/2023\/03\/tlo2.svg) !important;min-height:50vh !important;align-items:center !important;margin-bottom:0px !important;display:flex !important}.stk-862393a:before{opacity:0 !important}<\/style><div class=\"stk-row stk-inner-blocks stk-block-content stk-content-align stk-862393a-column alignfull\">\n<div class=\"wp-block-stackable-column stk-block-column stk-column stk-block stk-fce8baf\" data-v=\"4\" data-block-id=\"fce8baf\"><div class=\"stk-column-wrapper stk-block-column__content stk-container stk-fce8baf-container stk--no-background stk--no-padding\"><div class=\"stk-block-content stk-inner-blocks stk-fce8baf-inner-blocks\">\n<div class=\"wp-block-stackable-heading stk-block-heading stk-block-heading--v2 stk-block stk-c4d9978\" id=\"documents-library\" data-block-id=\"c4d9978\"><style>.stk-c4d9978 .stk-block-heading__text{font-size:80px !important}@media screen and (max-width:999px){.stk-c4d9978 .stk-block-heading__text{font-size:50px !important}}<\/style><h2 class=\"stk-block-heading__text has-text-align-center\">DOKUMENTUMT\u00c1R<\/h2><\/div>\n\n\n\n<div class=\"wp-block-stackable-text stk-block-text stk-block stk-e9b874b\" data-block-id=\"e9b874b\"><style>.stk-e9b874b .stk-block-text__text{font-size:40px !important}@media screen and (max-width:999px){.stk-e9b874b .stk-block-text__text{font-size:40px !important}}<\/style><p class=\"stk-block-text__text has-text-align-center\"><strong>Projektdokument\u00e1ci\u00f3 \u00e9s jelent\u00e9sek<\/strong><\/p><\/div>\n\n\n\n<div class=\"wp-block-stackable-button-group stk-block-button-group stk-block stk-6a2c814\" data-block-id=\"6a2c814\"><div class=\"stk-row stk-inner-blocks has-text-align-center stk-block-content stk-button-group\">\n<div class=\"wp-block-stackable-button stk-block-button has-text-align-center stk-block stk-b868409\" data-block-id=\"b868409\"><style>.stk-b868409 .stk-button{min-height:0px !important;padding-top:0px !important;padding-bottom:0px !important;border-radius:50px !important}.stk-b868409 .stk-button__inner-text{font-size:30px !important}@media screen and (max-width:999px){.stk-b868409 .stk-button__inner-text{font-size:30px !important}}<\/style><a class=\"stk-link stk-button stk--hover-effect-darken\" href=\"https:\/\/agitproject.info\/index.php\/hu\/agit-magyar\/1270-2\/\"><span class=\"stk-button__inner-text\"><strong><strong>Tov\u00e1bb<\/strong><\/strong><\/span><\/a><\/div>\n<\/div><\/div>\n<\/div><\/div><\/div>\n<\/div><\/div>\n\n\n\n<div class=\"wp-block-stackable-columns alignfull stk-block-columns stk-block stk-9661a18 stk-block-background stk--has-background-overlay\" id=\"contact\" data-block-id=\"9661a18\"><style>.stk-9661a18{background-image:url(https:\/\/agitproject.info\/wp-content\/uploads\/2023\/03\/contactbcg.png) !important;min-height:50vh !important;align-items:center !important;margin-bottom:-1px !important;display:flex !important}.stk-9661a18:before{opacity:0 !important}<\/style><div class=\"stk-row stk-inner-blocks stk-block-content stk-content-align stk-9661a18-column alignfull\">\n<div class=\"wp-block-stackable-column stk-block-column stk-column stk-block stk-82b50d6\" data-v=\"4\" data-block-id=\"82b50d6\"><div class=\"stk-column-wrapper stk-block-column__content stk-container stk-82b50d6-container stk--no-background stk--no-padding\"><div class=\"stk-block-content stk-inner-blocks stk-82b50d6-inner-blocks\">\n<div class=\"wp-block-stackable-heading stk-block-heading stk-block-heading--v2 stk-block stk-19ca426\" id=\"contact\" data-block-id=\"19ca426\"><style>.stk-19ca426 .stk-block-heading__text{font-size:80px !important}@media screen and (max-width:999px){.stk-19ca426 .stk-block-heading__text{font-size:50px !important}}<\/style><h2 class=\"stk-block-heading__text has-text-align-center\"><span style=\"color: var(--theme-palette-color-8, #ffffff);\" class=\"stk-highlight\">EL\u00c9RHET\u0150S\u00c9GEK<\/span><\/h2><\/div>\n\n\n\n<div class=\"wp-block-stackable-text stk-block-text stk-block stk-4b0ad8a\" data-block-id=\"4b0ad8a\"><style>.stk-4b0ad8a .stk-block-text__text{font-size:40px !important}@media screen and (max-width:999px){.stk-4b0ad8a .stk-block-text__text{font-size:40px !important}}<\/style><p class=\"stk-block-text__text has-text-align-center\"><strong><span style=\"color: var(--theme-palette-color-8, #ffffff);\" class=\"stk-highlight\">L\u00e9pjen vel\u00fcnk kapcsolatba \u00e9s tudjon meg t\u00f6bbet az AGIT projektr\u0151l!<\/span><\/strong><\/p><\/div>\n\n\n\n<div class=\"wp-block-stackable-button-group stk-block-button-group stk-block stk-3957903\" data-block-id=\"3957903\"><div class=\"stk-row stk-inner-blocks has-text-align-center stk-block-content stk-button-group\">\n<div class=\"wp-block-stackable-button stk-block-button has-text-align-center stk-block stk-91414b9\" data-block-id=\"91414b9\"><style>.stk-91414b9 .stk-button{min-height:0px !important;padding-top:0px !important;padding-bottom:0px !important;border-radius:50px !important}.stk-91414b9 .stk-button__inner-text{font-size:30px !important}@media screen and (max-width:999px){.stk-91414b9 .stk-button__inner-text{font-size:30px !important}}<\/style><a class=\"stk-link stk-button stk--hover-effect-darken\" href=\"https:\/\/agitproject.info\/index.php\/hu\/agit-magyar\/1256-2\/\"><span class=\"stk-button__inner-text\"><strong><strong><strong>Tov\u00e1bb<\/strong><\/strong><\/strong><\/span><\/a><\/div>\n<\/div><\/div>\n<\/div><\/div><\/div>\n<\/div><\/div>\n","protected":false},"excerpt":{"rendered":"<p>K\u00f6rnyezeti nevel\u00e9s, szab\u00e1lyoz\u00e1s \u00e9s peres elj\u00e1r\u00e1sok K\u00f6z\u00e9p-Eur\u00f3p\u00e1ban Tov\u00e1bb ESEM\u00c9NYEK Csehorsz\u00e1g Lengyelorsz\u00e1g Szlov\u00e1kia Magyarorsz\u00e1g MUTASD AZ \u00d6SSZES ESEM\u00c9NYT FILMEK VERSENYE Olvass tov\u00e1bb DOKUMENTUMT\u00c1R Projektdokument\u00e1ci\u00f3 \u00e9s jelent\u00e9sek Tov\u00e1bb EL\u00c9RHET\u0150S\u00c9GEK L\u00e9pjen vel\u00fcnk kapcsolatba \u00e9s tudjon meg t\u00f6bbet az AGIT projektr\u0151l! Tov\u00e1bb<\/p>\n","protected":false},"author":1,"featured_media":0,"parent":0,"menu_order":0,"comment_status":"closed","ping_status":"closed","template":"","meta":{"footnotes":""},"class_list":["post-1167","page","type-page","status-publish","hentry"],"blocksy_meta":{"vertical_spacing_source":"custom","content_area_spacing":"none"},"_links":{"self":[{"href":"https:\/\/agitproject.info\/index.php\/wp-json\/wp\/v2\/pages\/1167","targetHints":{"allow":["GET"]}}],"collection":[{"href":"https:\/\/agitproject.info\/index.php\/wp-json\/wp\/v2\/pages"}],"about":[{"href":"https:\/\/agitproject.info\/index.php\/wp-json\/wp\/v2\/types\/page"}],"author":[{"embeddable":true,"href":"https:\/\/agitproject.info\/index.php\/wp-json\/wp\/v2\/users\/1"}],"replies":[{"embeddable":true,"href":"https:\/\/agitproject.info\/index.php\/wp-json\/wp\/v2\/comments?post=1167"}],"version-history":[{"count":7,"href":"https:\/\/agitproject.info\/index.php\/wp-json\/wp\/v2\/pages\/1167\/revisions"}],"predecessor-version":[{"id":1611,"href":"https:\/\/agitproject.info\/index.php\/wp-json\/wp\/v2\/pages\/1167\/revisions\/1611"}],"wp:attachment":[{"href":"https:\/\/agitproject.info\/index.php\/wp-json\/wp\/v2\/media?parent=1167"}],"curies":[{"name":"wp","href":"https:\/\/api.w.org\/{rel}","templated":true}]}}